{"id":1434,"date":"2016-07-07T12:22:34","date_gmt":"2016-07-07T11:22:34","guid":{"rendered":"http:\/\/huiskamp.com\/de\/?page_id=1434"},"modified":"2021-01-15T12:40:13","modified_gmt":"2021-01-15T11:40:13","slug":"ubrige-marken","status":"publish","type":"page","link":"https:\/\/huiskamp.com\/de\/ubrige-marken\/","title":{"rendered":"Sonstige Marken Bestattungsfahrzeuge"},"content":{"rendered":"<div class=\"csc-header csc-header-n1\">\n<p class=\"csc-firstHeader\">Wenn Sie eine andere Marke bevorzugen als Mercedes, Renault, Chevrolet, Chrysler oder Volkswagen, ist das f\u00fcr uns kein Problem! Wir k\u00f6nnen fast jeder Bestattungswagen f\u00fcr Sie einrichten nach Ihren speziellen W\u00fcnschen und Vorgaben.\u00a0Teilen Sie uns Ihre W\u00fcnsche mit und wir informieren Sie gerne \u00fcber die verschiedenen M\u00f6glichkeiten f\u00fcr Ihre Firma.<\/p>\n<\/div>\n<h2>Ford Transit Bestattungswagen<\/h2>\n\n\t\t<style type=\"text\/css\">\n\t\t\t#gallery-1 {\n\t\t\t\tmargin: auto;\n\t\t\t}\n\t\t\t#gallery-1 .gallery-item {\n\t\t\t\tfloat: left;\n\t\t\t\tmargin-top: 10px;\n\t\t\t\ttext-align: center;\n\t\t\t\twidth: 33%;\n\t\t\t}\n\t\t\t#gallery-1 img {\n\t\t\t\tborder: 2px solid #cfcfcf;\n\t\t\t}\n\t\t\t#gallery-1 .gallery-caption {\n\t\t\t\tmargin-left: 0;\n\t\t\t}\n\t\t\t\/* see gallery_shortcode() in wp-includes\/media.php *\/\n\t\t<\/style>\n\t\t<div id='gallery-1' class='gallery galleryid-1434 gallery-columns-3 gallery-size-full'><dl class='gallery-item'>\n\t\t\t<dt class='gallery-icon landscape'>\n\t\t\t\t<a href='https:\/\/huiskamp.com\/de\/ubrige-marken\/attachment\/img_8104\/#main'><img loading=\"lazy\" decoding=\"async\" width=\"806\" height=\"604\" src=\"https:\/\/huiskamp.com\/de\/wp-content\/uploads\/sites\/2\/IMG_8104.jpg\" class=\"attachment-full size-full\" alt=\"\" srcset=\"https:\/\/huiskamp.com\/de\/wp-content\/uploads\/sites\/2\/IMG_8104.jpg 806w, https:\/\/huiskamp.com\/de\/wp-content\/uploads\/sites\/2\/IMG_8104-300x225.jpg 300w, https:\/\/huiskamp.com\/de\/wp-content\/uploads\/sites\/2\/IMG_8104-768x576.jpg 768w, https:\/\/huiskamp.com\/de\/wp-content\/uploads\/sites\/2\/IMG_8104-534x400.jpg 534w, https:\/\/huiskamp.com\/de\/wp-content\/uploads\/sites\/2\/IMG_8104-250x187.jpg 250w, https:\/\/huiskamp.com\/de\/wp-content\/uploads\/sites\/2\/IMG_8104-550x412.jpg 550w, https:\/\/huiskamp.com\/de\/wp-content\/uploads\/sites\/2\/IMG_8104-800x600.jpg 800w, https:\/\/huiskamp.com\/de\/wp-content\/uploads\/sites\/2\/IMG_8104-240x180.jpg 240w, https:\/\/huiskamp.com\/de\/wp-content\/uploads\/sites\/2\/IMG_8104-400x300.jpg 400w, https:\/\/huiskamp.com\/de\/wp-content\/uploads\/sites\/2\/IMG_8104-667x500.jpg 667w\" sizes=\"auto, (max-width: 806px) 100vw, 806px\" \/><\/a>\n\t\t\t<\/dt><\/dl><dl class='gallery-item'>\n\t\t\t<dt class='gallery-icon landscape'>\n\t\t\t\t<a href='https:\/\/huiskamp.com\/de\/ubrige-marken\/attachment\/img_8109\/#main'><img loading=\"lazy\" decoding=\"async\" width=\"806\" height=\"604\" src=\"https:\/\/huiskamp.com\/de\/wp-content\/uploads\/sites\/2\/IMG_8109.jpg\" class=\"attachment-full size-full\" alt=\"\" srcset=\"https:\/\/huiskamp.com\/de\/wp-content\/uploads\/sites\/2\/IMG_8109.jpg 806w, https:\/\/huiskamp.com\/de\/wp-content\/uploads\/sites\/2\/IMG_8109-300x225.jpg 300w, https:\/\/huiskamp.com\/de\/wp-content\/uploads\/sites\/2\/IMG_8109-768x576.jpg 768w, https:\/\/huiskamp.com\/de\/wp-content\/uploads\/sites\/2\/IMG_8109-534x400.jpg 534w, https:\/\/huiskamp.com\/de\/wp-content\/uploads\/sites\/2\/IMG_8109-250x187.jpg 250w, https:\/\/huiskamp.com\/de\/wp-content\/uploads\/sites\/2\/IMG_8109-550x412.jpg 550w, https:\/\/huiskamp.com\/de\/wp-content\/uploads\/sites\/2\/IMG_8109-800x600.jpg 800w, https:\/\/huiskamp.com\/de\/wp-content\/uploads\/sites\/2\/IMG_8109-240x180.jpg 240w, https:\/\/huiskamp.com\/de\/wp-content\/uploads\/sites\/2\/IMG_8109-400x300.jpg 400w, https:\/\/huiskamp.com\/de\/wp-content\/uploads\/sites\/2\/IMG_8109-667x500.jpg 667w\" sizes=\"auto, (max-width: 806px) 100vw, 806px\" \/><\/a>\n\t\t\t<\/dt><\/dl><dl class='gallery-item'>\n\t\t\t<dt class='gallery-icon landscape'>\n\t\t\t\t<a href='https:\/\/huiskamp.com\/de\/ubrige-marken\/attachment\/img_e8111\/#main'><img loading=\"lazy\" decoding=\"async\" width=\"806\" height=\"697\" src=\"https:\/\/huiskamp.com\/de\/wp-content\/uploads\/sites\/2\/IMG_E8111.jpg\" class=\"attachment-full size-full\" alt=\"\" srcset=\"https:\/\/huiskamp.com\/de\/wp-content\/uploads\/sites\/2\/IMG_E8111.jpg 806w, https:\/\/huiskamp.com\/de\/wp-content\/uploads\/sites\/2\/IMG_E8111-300x259.jpg 300w, https:\/\/huiskamp.com\/de\/wp-content\/uploads\/sites\/2\/IMG_E8111-768x664.jpg 768w, https:\/\/huiskamp.com\/de\/wp-content\/uploads\/sites\/2\/IMG_E8111-463x400.jpg 463w, https:\/\/huiskamp.com\/de\/wp-content\/uploads\/sites\/2\/IMG_E8111-250x216.jpg 250w, https:\/\/huiskamp.com\/de\/wp-content\/uploads\/sites\/2\/IMG_E8111-550x476.jpg 550w, https:\/\/huiskamp.com\/de\/wp-content\/uploads\/sites\/2\/IMG_E8111-800x692.jpg 800w, https:\/\/huiskamp.com\/de\/wp-content\/uploads\/sites\/2\/IMG_E8111-208x180.jpg 208w, https:\/\/huiskamp.com\/de\/wp-content\/uploads\/sites\/2\/IMG_E8111-347x300.jpg 347w, https:\/\/huiskamp.com\/de\/wp-content\/uploads\/sites\/2\/IMG_E8111-578x500.jpg 578w\" sizes=\"auto, (max-width: 806px) 100vw, 806px\" \/><\/a>\n\t\t\t<\/dt><\/dl><br style=\"clear: both\" \/><dl class='gallery-item'>\n\t\t\t<dt class='gallery-icon landscape'>\n\t\t\t\t<a href='https:\/\/huiskamp.com\/de\/ubrige-marken\/attachment\/img_8113\/#main'><img loading=\"lazy\" decoding=\"async\" width=\"806\" height=\"604\" src=\"https:\/\/huiskamp.com\/de\/wp-content\/uploads\/sites\/2\/IMG_8113.jpg\" class=\"attachment-full size-full\" alt=\"\" srcset=\"https:\/\/huiskamp.com\/de\/wp-content\/uploads\/sites\/2\/IMG_8113.jpg 806w, https:\/\/huiskamp.com\/de\/wp-content\/uploads\/sites\/2\/IMG_8113-300x225.jpg 300w, https:\/\/huiskamp.com\/de\/wp-content\/uploads\/sites\/2\/IMG_8113-768x576.jpg 768w, https:\/\/huiskamp.com\/de\/wp-content\/uploads\/sites\/2\/IMG_8113-534x400.jpg 534w, https:\/\/huiskamp.com\/de\/wp-content\/uploads\/sites\/2\/IMG_8113-250x187.jpg 250w, https:\/\/huiskamp.com\/de\/wp-content\/uploads\/sites\/2\/IMG_8113-550x412.jpg 550w, https:\/\/huiskamp.com\/de\/wp-content\/uploads\/sites\/2\/IMG_8113-800x600.jpg 800w, https:\/\/huiskamp.com\/de\/wp-content\/uploads\/sites\/2\/IMG_8113-240x180.jpg 240w, https:\/\/huiskamp.com\/de\/wp-content\/uploads\/sites\/2\/IMG_8113-400x300.jpg 400w, https:\/\/huiskamp.com\/de\/wp-content\/uploads\/sites\/2\/IMG_8113-667x500.jpg 667w\" sizes=\"auto, (max-width: 806px) 100vw, 806px\" \/><\/a>\n\t\t\t<\/dt><\/dl><dl class='gallery-item'>\n\t\t\t<dt class='gallery-icon landscape'>\n\t\t\t\t<a href='https:\/\/huiskamp.com\/de\/ubrige-marken\/attachment\/img_8122\/#main'><img loading=\"lazy\" decoding=\"async\" width=\"806\" height=\"604\" src=\"https:\/\/huiskamp.com\/de\/wp-content\/uploads\/sites\/2\/IMG_8122.jpg\" class=\"attachment-full size-full\" alt=\"\" srcset=\"https:\/\/huiskamp.com\/de\/wp-content\/uploads\/sites\/2\/IMG_8122.jpg 806w, https:\/\/huiskamp.com\/de\/wp-content\/uploads\/sites\/2\/IMG_8122-300x225.jpg 300w, https:\/\/huiskamp.com\/de\/wp-content\/uploads\/sites\/2\/IMG_8122-768x576.jpg 768w, https:\/\/huiskamp.com\/de\/wp-content\/uploads\/sites\/2\/IMG_8122-534x400.jpg 534w, https:\/\/huiskamp.com\/de\/wp-content\/uploads\/sites\/2\/IMG_8122-250x187.jpg 250w, https:\/\/huiskamp.com\/de\/wp-content\/uploads\/sites\/2\/IMG_8122-550x412.jpg 550w, https:\/\/huiskamp.com\/de\/wp-content\/uploads\/sites\/2\/IMG_8122-800x600.jpg 800w, https:\/\/huiskamp.com\/de\/wp-content\/uploads\/sites\/2\/IMG_8122-240x180.jpg 240w, https:\/\/huiskamp.com\/de\/wp-content\/uploads\/sites\/2\/IMG_8122-400x300.jpg 400w, https:\/\/huiskamp.com\/de\/wp-content\/uploads\/sites\/2\/IMG_8122-667x500.jpg 667w\" sizes=\"auto, (max-width: 806px) 100vw, 806px\" \/><\/a>\n\t\t\t<\/dt><\/dl><dl class='gallery-item'>\n\t\t\t<dt class='gallery-icon landscape'>\n\t\t\t\t<a href='https:\/\/huiskamp.com\/de\/ubrige-marken\/attachment\/img_8116\/#main'><img loading=\"lazy\" decoding=\"async\" width=\"806\" height=\"604\" src=\"https:\/\/huiskamp.com\/de\/wp-content\/uploads\/sites\/2\/IMG_8116.jpg\" class=\"attachment-full size-full\" alt=\"\" srcset=\"https:\/\/huiskamp.com\/de\/wp-content\/uploads\/sites\/2\/IMG_8116.jpg 806w, https:\/\/huiskamp.com\/de\/wp-content\/uploads\/sites\/2\/IMG_8116-300x225.jpg 300w, https:\/\/huiskamp.com\/de\/wp-content\/uploads\/sites\/2\/IMG_8116-768x576.jpg 768w, https:\/\/huiskamp.com\/de\/wp-content\/uploads\/sites\/2\/IMG_8116-534x400.jpg 534w, https:\/\/huiskamp.com\/de\/wp-content\/uploads\/sites\/2\/IMG_8116-250x187.jpg 250w, https:\/\/huiskamp.com\/de\/wp-content\/uploads\/sites\/2\/IMG_8116-550x412.jpg 550w, https:\/\/huiskamp.com\/de\/wp-content\/uploads\/sites\/2\/IMG_8116-800x600.jpg 800w, https:\/\/huiskamp.com\/de\/wp-content\/uploads\/sites\/2\/IMG_8116-240x180.jpg 240w, https:\/\/huiskamp.com\/de\/wp-content\/uploads\/sites\/2\/IMG_8116-400x300.jpg 400w, https:\/\/huiskamp.com\/de\/wp-content\/uploads\/sites\/2\/IMG_8116-667x500.jpg 667w\" sizes=\"auto, (max-width: 806px) 100vw, 806px\" \/><\/a>\n\t\t\t<\/dt><\/dl><br style=\"clear: both\" \/><dl class='gallery-item'>\n\t\t\t<dt class='gallery-icon landscape'>\n\t\t\t\t<a href='https:\/\/huiskamp.com\/de\/ubrige-marken\/attachment\/img_8125\/#main'><img loading=\"lazy\" decoding=\"async\" width=\"806\" height=\"604\" src=\"https:\/\/huiskamp.com\/de\/wp-content\/uploads\/sites\/2\/IMG_8125.jpg\" class=\"attachment-full size-full\" alt=\"\" srcset=\"https:\/\/huiskamp.com\/de\/wp-content\/uploads\/sites\/2\/IMG_8125.jpg 806w, https:\/\/huiskamp.com\/de\/wp-content\/uploads\/sites\/2\/IMG_8125-300x225.jpg 300w, https:\/\/huiskamp.com\/de\/wp-content\/uploads\/sites\/2\/IMG_8125-768x576.jpg 768w, https:\/\/huiskamp.com\/de\/wp-content\/uploads\/sites\/2\/IMG_8125-534x400.jpg 534w, https:\/\/huiskamp.com\/de\/wp-content\/uploads\/sites\/2\/IMG_8125-250x187.jpg 250w, https:\/\/huiskamp.com\/de\/wp-content\/uploads\/sites\/2\/IMG_8125-550x412.jpg 550w, https:\/\/huiskamp.com\/de\/wp-content\/uploads\/sites\/2\/IMG_8125-800x600.jpg 800w, https:\/\/huiskamp.com\/de\/wp-content\/uploads\/sites\/2\/IMG_8125-240x180.jpg 240w, https:\/\/huiskamp.com\/de\/wp-content\/uploads\/sites\/2\/IMG_8125-400x300.jpg 400w, https:\/\/huiskamp.com\/de\/wp-content\/uploads\/sites\/2\/IMG_8125-667x500.jpg 667w\" sizes=\"auto, (max-width: 806px) 100vw, 806px\" \/><\/a>\n\t\t\t<\/dt><\/dl><dl class='gallery-item'>\n\t\t\t<dt class='gallery-icon landscape'>\n\t\t\t\t<a href='https:\/\/huiskamp.com\/de\/ubrige-marken\/attachment\/img_8126\/#main'><img loading=\"lazy\" decoding=\"async\" width=\"806\" height=\"604\" src=\"https:\/\/huiskamp.com\/de\/wp-content\/uploads\/sites\/2\/IMG_8126.jpg\" class=\"attachment-full size-full\" alt=\"\" srcset=\"https:\/\/huiskamp.com\/de\/wp-content\/uploads\/sites\/2\/IMG_8126.jpg 806w, https:\/\/huiskamp.com\/de\/wp-content\/uploads\/sites\/2\/IMG_8126-300x225.jpg 300w, https:\/\/huiskamp.com\/de\/wp-content\/uploads\/sites\/2\/IMG_8126-768x576.jpg 768w, https:\/\/huiskamp.com\/de\/wp-content\/uploads\/sites\/2\/IMG_8126-534x400.jpg 534w, https:\/\/huiskamp.com\/de\/wp-content\/uploads\/sites\/2\/IMG_8126-250x187.jpg 250w, https:\/\/huiskamp.com\/de\/wp-content\/uploads\/sites\/2\/IMG_8126-550x412.jpg 550w, https:\/\/huiskamp.com\/de\/wp-content\/uploads\/sites\/2\/IMG_8126-800x600.jpg 800w, https:\/\/huiskamp.com\/de\/wp-content\/uploads\/sites\/2\/IMG_8126-240x180.jpg 240w, https:\/\/huiskamp.com\/de\/wp-content\/uploads\/sites\/2\/IMG_8126-400x300.jpg 400w, https:\/\/huiskamp.com\/de\/wp-content\/uploads\/sites\/2\/IMG_8126-667x500.jpg 667w\" sizes=\"auto, (max-width: 806px) 100vw, 806px\" \/><\/a>\n\t\t\t<\/dt><\/dl><dl class='gallery-item'>\n\t\t\t<dt class='gallery-icon landscape'>\n\t\t\t\t<a href='https:\/\/huiskamp.com\/de\/ubrige-marken\/attachment\/img_8134\/#main'><img loading=\"lazy\" decoding=\"async\" width=\"806\" height=\"604\" src=\"https:\/\/huiskamp.com\/de\/wp-content\/uploads\/sites\/2\/IMG_8134.jpg\" class=\"attachment-full size-full\" alt=\"\" srcset=\"https:\/\/huiskamp.com\/de\/wp-content\/uploads\/sites\/2\/IMG_8134.jpg 806w, https:\/\/huiskamp.com\/de\/wp-content\/uploads\/sites\/2\/IMG_8134-300x225.jpg 300w, https:\/\/huiskamp.com\/de\/wp-content\/uploads\/sites\/2\/IMG_8134-768x576.jpg 768w, https:\/\/huiskamp.com\/de\/wp-content\/uploads\/sites\/2\/IMG_8134-534x400.jpg 534w, https:\/\/huiskamp.com\/de\/wp-content\/uploads\/sites\/2\/IMG_8134-250x187.jpg 250w, https:\/\/huiskamp.com\/de\/wp-content\/uploads\/sites\/2\/IMG_8134-550x412.jpg 550w, https:\/\/huiskamp.com\/de\/wp-content\/uploads\/sites\/2\/IMG_8134-800x600.jpg 800w, https:\/\/huiskamp.com\/de\/wp-content\/uploads\/sites\/2\/IMG_8134-240x180.jpg 240w, https:\/\/huiskamp.com\/de\/wp-content\/uploads\/sites\/2\/IMG_8134-400x300.jpg 400w, https:\/\/huiskamp.com\/de\/wp-content\/uploads\/sites\/2\/IMG_8134-667x500.jpg 667w\" sizes=\"auto, (max-width: 806px) 100vw, 806px\" \/><\/a>\n\t\t\t<\/dt><\/dl><br style=\"clear: both\" \/><dl class='gallery-item'>\n\t\t\t<dt class='gallery-icon landscape'>\n\t\t\t\t<a href='https:\/\/huiskamp.com\/de\/ubrige-marken\/attachment\/img_8143\/#main'><img loading=\"lazy\" decoding=\"async\" width=\"806\" height=\"604\" src=\"https:\/\/huiskamp.com\/de\/wp-content\/uploads\/sites\/2\/IMG_8143.jpg\" class=\"attachment-full size-full\" alt=\"\" srcset=\"https:\/\/huiskamp.com\/de\/wp-content\/uploads\/sites\/2\/IMG_8143.jpg 806w, https:\/\/huiskamp.com\/de\/wp-content\/uploads\/sites\/2\/IMG_8143-300x225.jpg 300w, https:\/\/huiskamp.com\/de\/wp-content\/uploads\/sites\/2\/IMG_8143-768x576.jpg 768w, https:\/\/huiskamp.com\/de\/wp-content\/uploads\/sites\/2\/IMG_8143-534x400.jpg 534w, https:\/\/huiskamp.com\/de\/wp-content\/uploads\/sites\/2\/IMG_8143-250x187.jpg 250w, https:\/\/huiskamp.com\/de\/wp-content\/uploads\/sites\/2\/IMG_8143-550x412.jpg 550w, https:\/\/huiskamp.com\/de\/wp-content\/uploads\/sites\/2\/IMG_8143-800x600.jpg 800w, https:\/\/huiskamp.com\/de\/wp-content\/uploads\/sites\/2\/IMG_8143-240x180.jpg 240w, https:\/\/huiskamp.com\/de\/wp-content\/uploads\/sites\/2\/IMG_8143-400x300.jpg 400w, https:\/\/huiskamp.com\/de\/wp-content\/uploads\/sites\/2\/IMG_8143-667x500.jpg 667w\" sizes=\"auto, (max-width: 806px) 100vw, 806px\" \/><\/a>\n\t\t\t<\/dt><\/dl><dl class='gallery-item'>\n\t\t\t<dt class='gallery-icon landscape'>\n\t\t\t\t<a href='https:\/\/huiskamp.com\/de\/ubrige-marken\/attachment\/img_8141\/#main'><img loading=\"lazy\" decoding=\"async\" width=\"806\" height=\"604\" src=\"https:\/\/huiskamp.com\/de\/wp-content\/uploads\/sites\/2\/IMG_8141.jpg\" class=\"attachment-full size-full\" alt=\"\" srcset=\"https:\/\/huiskamp.com\/de\/wp-content\/uploads\/sites\/2\/IMG_8141.jpg 806w, https:\/\/huiskamp.com\/de\/wp-content\/uploads\/sites\/2\/IMG_8141-300x225.jpg 300w, https:\/\/huiskamp.com\/de\/wp-content\/uploads\/sites\/2\/IMG_8141-768x576.jpg 768w, https:\/\/huiskamp.com\/de\/wp-content\/uploads\/sites\/2\/IMG_8141-534x400.jpg 534w, https:\/\/huiskamp.com\/de\/wp-content\/uploads\/sites\/2\/IMG_8141-250x187.jpg 250w, https:\/\/huiskamp.com\/de\/wp-content\/uploads\/sites\/2\/IMG_8141-550x412.jpg 550w, https:\/\/huiskamp.com\/de\/wp-content\/uploads\/sites\/2\/IMG_8141-800x600.jpg 800w, https:\/\/huiskamp.com\/de\/wp-content\/uploads\/sites\/2\/IMG_8141-240x180.jpg 240w, https:\/\/huiskamp.com\/de\/wp-content\/uploads\/sites\/2\/IMG_8141-400x300.jpg 400w, https:\/\/huiskamp.com\/de\/wp-content\/uploads\/sites\/2\/IMG_8141-667x500.jpg 667w\" sizes=\"auto, (max-width: 806px) 100vw, 806px\" \/><\/a>\n\t\t\t<\/dt><\/dl><dl class='gallery-item'>\n\t\t\t<dt class='gallery-icon landscape'>\n\t\t\t\t<a href='https:\/\/huiskamp.com\/de\/ubrige-marken\/attachment\/img_8154\/#main'><img loading=\"lazy\" decoding=\"async\" width=\"806\" height=\"604\" src=\"https:\/\/huiskamp.com\/de\/wp-content\/uploads\/sites\/2\/IMG_8154.jpg\" class=\"attachment-full size-full\" alt=\"\" srcset=\"https:\/\/huiskamp.com\/de\/wp-content\/uploads\/sites\/2\/IMG_8154.jpg 806w, https:\/\/huiskamp.com\/de\/wp-content\/uploads\/sites\/2\/IMG_8154-300x225.jpg 300w, https:\/\/huiskamp.com\/de\/wp-content\/uploads\/sites\/2\/IMG_8154-768x576.jpg 768w, https:\/\/huiskamp.com\/de\/wp-content\/uploads\/sites\/2\/IMG_8154-534x400.jpg 534w, https:\/\/huiskamp.com\/de\/wp-content\/uploads\/sites\/2\/IMG_8154-250x187.jpg 250w, https:\/\/huiskamp.com\/de\/wp-content\/uploads\/sites\/2\/IMG_8154-550x412.jpg 550w, https:\/\/huiskamp.com\/de\/wp-content\/uploads\/sites\/2\/IMG_8154-800x600.jpg 800w, https:\/\/huiskamp.com\/de\/wp-content\/uploads\/sites\/2\/IMG_8154-240x180.jpg 240w, https:\/\/huiskamp.com\/de\/wp-content\/uploads\/sites\/2\/IMG_8154-400x300.jpg 400w, https:\/\/huiskamp.com\/de\/wp-content\/uploads\/sites\/2\/IMG_8154-667x500.jpg 667w\" sizes=\"auto, (max-width: 806px) 100vw, 806px\" \/><\/a>\n\t\t\t<\/dt><\/dl><br style=\"clear: both\" \/><dl class='gallery-item'>\n\t\t\t<dt class='gallery-icon landscape'>\n\t\t\t\t<a href='https:\/\/huiskamp.com\/de\/ubrige-marken\/attachment\/img_8156\/#main'><img loading=\"lazy\" decoding=\"async\" width=\"806\" height=\"604\" src=\"https:\/\/huiskamp.com\/de\/wp-content\/uploads\/sites\/2\/IMG_8156.jpg\" class=\"attachment-full size-full\" alt=\"\" srcset=\"https:\/\/huiskamp.com\/de\/wp-content\/uploads\/sites\/2\/IMG_8156.jpg 806w, https:\/\/huiskamp.com\/de\/wp-content\/uploads\/sites\/2\/IMG_8156-300x225.jpg 300w, https:\/\/huiskamp.com\/de\/wp-content\/uploads\/sites\/2\/IMG_8156-768x576.jpg 768w, https:\/\/huiskamp.com\/de\/wp-content\/uploads\/sites\/2\/IMG_8156-534x400.jpg 534w, https:\/\/huiskamp.com\/de\/wp-content\/uploads\/sites\/2\/IMG_8156-250x187.jpg 250w, https:\/\/huiskamp.com\/de\/wp-content\/uploads\/sites\/2\/IMG_8156-550x412.jpg 550w, https:\/\/huiskamp.com\/de\/wp-content\/uploads\/sites\/2\/IMG_8156-800x600.jpg 800w, https:\/\/huiskamp.com\/de\/wp-content\/uploads\/sites\/2\/IMG_8156-240x180.jpg 240w, https:\/\/huiskamp.com\/de\/wp-content\/uploads\/sites\/2\/IMG_8156-400x300.jpg 400w, https:\/\/huiskamp.com\/de\/wp-content\/uploads\/sites\/2\/IMG_8156-667x500.jpg 667w\" sizes=\"auto, (max-width: 806px) 100vw, 806px\" \/><\/a>\n\t\t\t<\/dt><\/dl>\n\t\t\t<br style='clear: both' \/>\n\t\t<\/div>\n\n<p>&nbsp;<\/p>\n<h2>Peugeot Partner\u00a0Bestattungswagen<\/h2>\n\n\t\t<style type=\"text\/css\">\n\t\t\t#gallery-2 {\n\t\t\t\tmargin: auto;\n\t\t\t}\n\t\t\t#gallery-2 .gallery-item {\n\t\t\t\tfloat: left;\n\t\t\t\tmargin-top: 10px;\n\t\t\t\ttext-align: center;\n\t\t\t\twidth: 33%;\n\t\t\t}\n\t\t\t#gallery-2 img {\n\t\t\t\tborder: 2px solid #cfcfcf;\n\t\t\t}\n\t\t\t#gallery-2 .gallery-caption {\n\t\t\t\tmargin-left: 0;\n\t\t\t}\n\t\t\t\/* see gallery_shortcode() in wp-includes\/media.php *\/\n\t\t<\/style>\n\t\t<div id='gallery-2' class='gallery galleryid-1434 gallery-columns-3 gallery-size-full'><dl class='gallery-item'>\n\t\t\t<dt class='gallery-icon landscape'>\n\t\t\t\t<a href='https:\/\/huiskamp.com\/de\/rouwtransportautos_maatwerk_peugeot_huiskamp_01\/'><img loading=\"lazy\" decoding=\"async\" width=\"536\" height=\"402\" src=\"https:\/\/huiskamp.com\/de\/wp-content\/uploads\/sites\/2\/Rouwtransportautos_maatwerk_Peugeot_Huiskamp_01.jpg\" class=\"attachment-full size-full\" alt=\"\" srcset=\"https:\/\/huiskamp.com\/de\/wp-content\/uploads\/sites\/2\/Rouwtransportautos_maatwerk_Peugeot_Huiskamp_01.jpg 536w, https:\/\/huiskamp.com\/de\/wp-content\/uploads\/sites\/2\/Rouwtransportautos_maatwerk_Peugeot_Huiskamp_01-300x225.jpg 300w, https:\/\/huiskamp.com\/de\/wp-content\/uploads\/sites\/2\/Rouwtransportautos_maatwerk_Peugeot_Huiskamp_01-533x400.jpg 533w, https:\/\/huiskamp.com\/de\/wp-content\/uploads\/sites\/2\/Rouwtransportautos_maatwerk_Peugeot_Huiskamp_01-250x188.jpg 250w, https:\/\/huiskamp.com\/de\/wp-content\/uploads\/sites\/2\/Rouwtransportautos_maatwerk_Peugeot_Huiskamp_01-240x180.jpg 240w, https:\/\/huiskamp.com\/de\/wp-content\/uploads\/sites\/2\/Rouwtransportautos_maatwerk_Peugeot_Huiskamp_01-400x300.jpg 400w\" sizes=\"auto, (max-width: 536px) 100vw, 536px\" \/><\/a>\n\t\t\t<\/dt><\/dl><dl class='gallery-item'>\n\t\t\t<dt class='gallery-icon landscape'>\n\t\t\t\t<a href='https:\/\/huiskamp.com\/de\/rouwtransportautos_maatwerk_peugeot_huiskamp_02\/'><img loading=\"lazy\" decoding=\"async\" width=\"536\" height=\"402\" src=\"https:\/\/huiskamp.com\/de\/wp-content\/uploads\/sites\/2\/Rouwtransportautos_maatwerk_Peugeot_Huiskamp_02.jpg\" class=\"attachment-full size-full\" alt=\"\" srcset=\"https:\/\/huiskamp.com\/de\/wp-content\/uploads\/sites\/2\/Rouwtransportautos_maatwerk_Peugeot_Huiskamp_02.jpg 536w, https:\/\/huiskamp.com\/de\/wp-content\/uploads\/sites\/2\/Rouwtransportautos_maatwerk_Peugeot_Huiskamp_02-300x225.jpg 300w, https:\/\/huiskamp.com\/de\/wp-content\/uploads\/sites\/2\/Rouwtransportautos_maatwerk_Peugeot_Huiskamp_02-533x400.jpg 533w, https:\/\/huiskamp.com\/de\/wp-content\/uploads\/sites\/2\/Rouwtransportautos_maatwerk_Peugeot_Huiskamp_02-250x188.jpg 250w, https:\/\/huiskamp.com\/de\/wp-content\/uploads\/sites\/2\/Rouwtransportautos_maatwerk_Peugeot_Huiskamp_02-240x180.jpg 240w, https:\/\/huiskamp.com\/de\/wp-content\/uploads\/sites\/2\/Rouwtransportautos_maatwerk_Peugeot_Huiskamp_02-400x300.jpg 400w\" sizes=\"auto, (max-width: 536px) 100vw, 536px\" \/><\/a>\n\t\t\t<\/dt><\/dl>\n\t\t\t<br style='clear: both' \/>\n\t\t<\/div>\n\n<h2>Opel Combo\u00a0Bestattungswagen<\/h2>\n\n\t\t<style type=\"text\/css\">\n\t\t\t#gallery-3 {\n\t\t\t\tmargin: auto;\n\t\t\t}\n\t\t\t#gallery-3 .gallery-item {\n\t\t\t\tfloat: left;\n\t\t\t\tmargin-top: 10px;\n\t\t\t\ttext-align: center;\n\t\t\t\twidth: 33%;\n\t\t\t}\n\t\t\t#gallery-3 img {\n\t\t\t\tborder: 2px solid #cfcfcf;\n\t\t\t}\n\t\t\t#gallery-3 .gallery-caption {\n\t\t\t\tmargin-left: 0;\n\t\t\t}\n\t\t\t\/* see gallery_shortcode() in wp-includes\/media.php *\/\n\t\t<\/style>\n\t\t<div id='gallery-3' class='gallery galleryid-1434 gallery-columns-3 gallery-size-full'><dl class='gallery-item'>\n\t\t\t<dt class='gallery-icon landscape'>\n\t\t\t\t<a href='https:\/\/huiskamp.com\/de\/rouwtransportautos_maatwerk_opel_huiskamp_01\/'><img loading=\"lazy\" decoding=\"async\" width=\"536\" height=\"402\" src=\"https:\/\/huiskamp.com\/de\/wp-content\/uploads\/sites\/2\/Rouwtransportautos_maatwerk_Opel_Huiskamp_01.jpg\" class=\"attachment-full size-full\" alt=\"\" srcset=\"https:\/\/huiskamp.com\/de\/wp-content\/uploads\/sites\/2\/Rouwtransportautos_maatwerk_Opel_Huiskamp_01.jpg 536w, https:\/\/huiskamp.com\/de\/wp-content\/uploads\/sites\/2\/Rouwtransportautos_maatwerk_Opel_Huiskamp_01-300x225.jpg 300w, https:\/\/huiskamp.com\/de\/wp-content\/uploads\/sites\/2\/Rouwtransportautos_maatwerk_Opel_Huiskamp_01-533x400.jpg 533w, https:\/\/huiskamp.com\/de\/wp-content\/uploads\/sites\/2\/Rouwtransportautos_maatwerk_Opel_Huiskamp_01-250x188.jpg 250w, https:\/\/huiskamp.com\/de\/wp-content\/uploads\/sites\/2\/Rouwtransportautos_maatwerk_Opel_Huiskamp_01-240x180.jpg 240w, https:\/\/huiskamp.com\/de\/wp-content\/uploads\/sites\/2\/Rouwtransportautos_maatwerk_Opel_Huiskamp_01-400x300.jpg 400w\" sizes=\"auto, (max-width: 536px) 100vw, 536px\" \/><\/a>\n\t\t\t<\/dt><\/dl><dl class='gallery-item'>\n\t\t\t<dt class='gallery-icon landscape'>\n\t\t\t\t<a href='https:\/\/huiskamp.com\/de\/rouwtransportautos_maatwerk_opel_huiskamp_02\/'><img loading=\"lazy\" decoding=\"async\" width=\"536\" height=\"402\" src=\"https:\/\/huiskamp.com\/de\/wp-content\/uploads\/sites\/2\/Rouwtransportautos_maatwerk_Opel_Huiskamp_02.jpg\" class=\"attachment-full size-full\" alt=\"\" srcset=\"https:\/\/huiskamp.com\/de\/wp-content\/uploads\/sites\/2\/Rouwtransportautos_maatwerk_Opel_Huiskamp_02.jpg 536w, https:\/\/huiskamp.com\/de\/wp-content\/uploads\/sites\/2\/Rouwtransportautos_maatwerk_Opel_Huiskamp_02-300x225.jpg 300w, https:\/\/huiskamp.com\/de\/wp-content\/uploads\/sites\/2\/Rouwtransportautos_maatwerk_Opel_Huiskamp_02-533x400.jpg 533w, https:\/\/huiskamp.com\/de\/wp-content\/uploads\/sites\/2\/Rouwtransportautos_maatwerk_Opel_Huiskamp_02-250x188.jpg 250w, https:\/\/huiskamp.com\/de\/wp-content\/uploads\/sites\/2\/Rouwtransportautos_maatwerk_Opel_Huiskamp_02-240x180.jpg 240w, https:\/\/huiskamp.com\/de\/wp-content\/uploads\/sites\/2\/Rouwtransportautos_maatwerk_Opel_Huiskamp_02-400x300.jpg 400w\" sizes=\"auto, (max-width: 536px) 100vw, 536px\" \/><\/a>\n\t\t\t<\/dt><\/dl>\n\t\t\t<br style='clear: both' \/>\n\t\t<\/div>\n\n","protected":false},"excerpt":{"rendered":"<p>Wenn Sie eine andere Marke bevorzugen als Mercedes, Renault, Chevrolet, Chrysler oder Volkswagen, ist das f\u00fcr uns kein Problem! Wir k\u00f6nnen fast jeder Bestattungswagen f\u00fcr Sie einrichten nach Ihren speziellen W\u00fcnschen und Vorgaben.\u00a0Teilen Sie uns Ihre W\u00fcnsche mit und wir <a class=\"more-link\" href=\"https:\/\/huiskamp.com\/de\/ubrige-marken\/\">Read More &#8230;<\/a><\/p>\n","protected":false},"author":1,"featured_media":839,"parent":0,"menu_order":0,"comment_status":"closed","ping_status":"closed","template":"","meta":{"footnotes":""},"class_list":["post-1434","page","type-page","status-publish","has-post-thumbnail","hentry"],"_links":{"self":[{"href":"https:\/\/huiskamp.com\/de\/wp-json\/wp\/v2\/pages\/1434","targetHints":{"allow":["GET"]}}],"collection":[{"href":"https:\/\/huiskamp.com\/de\/wp-json\/wp\/v2\/pages"}],"about":[{"href":"https:\/\/huiskamp.com\/de\/wp-json\/wp\/v2\/types\/page"}],"author":[{"embeddable":true,"href":"https:\/\/huiskamp.com\/de\/wp-json\/wp\/v2\/users\/1"}],"replies":[{"embeddable":true,"href":"https:\/\/huiskamp.com\/de\/wp-json\/wp\/v2\/comments?post=1434"}],"version-history":[{"count":8,"href":"https:\/\/huiskamp.com\/de\/wp-json\/wp\/v2\/pages\/1434\/revisions"}],"predecessor-version":[{"id":3407,"href":"https:\/\/huiskamp.com\/de\/wp-json\/wp\/v2\/pages\/1434\/revisions\/3407"}],"wp:featuredmedia":[{"embeddable":true,"href":"https:\/\/huiskamp.com\/de\/wp-json\/wp\/v2\/media\/839"}],"wp:attachment":[{"href":"https:\/\/huiskamp.com\/de\/wp-json\/wp\/v2\/media?parent=1434"}],"curies":[{"name":"wp","href":"https:\/\/api.w.org\/{rel}","templated":true}]}}