{"id":2731,"date":"2025-09-02T10:10:31","date_gmt":"2025-09-02T08:10:31","guid":{"rendered":"https:\/\/huiskamp.com\/onze-service\/"},"modified":"2026-05-07T15:22:38","modified_gmt":"2026-05-07T13:22:38","slug":"onze-service","status":"publish","type":"page","link":"https:\/\/huiskamp.com\/de\/onze-service\/","title":{"rendered":"Service"},"content":{"rendered":"<div class=\"fusion-fullwidth fullwidth-box fusion-builder-row-1 fusion-flex-container has-pattern-background has-mask-background nonhundred-percent-fullwidth non-hundred-percent-height-scrolling\" style=\"--awb-border-radius-top-left:0px;--awb-border-radius-top-right:0px;--awb-border-radius-bottom-right:0px;--awb-border-radius-bottom-left:0px;--awb-padding-top:0px;--awb-padding-bottom:0px;--awb-flex-wrap:wrap;\" ><div class=\"fusion-builder-row fusion-row fusion-flex-align-items-flex-start fusion-flex-content-wrap\" style=\"max-width:1664px;margin-left: calc(-4% \/ 2 );margin-right: calc(-4% \/ 2 );\"><div class=\"fusion-layout-column fusion_builder_column fusion-builder-column-0 fusion_builder_column_1_1 1_1 fusion-flex-column\" style=\"--awb-bg-size:cover;--awb-width-large:100%;--awb-margin-top-large:0px;--awb-spacing-right-large:1.92%;--awb-margin-bottom-large:0px;--awb-spacing-left-large:1.92%;--awb-width-medium:100%;--awb-order-medium:0;--awb-spacing-right-medium:1.92%;--awb-spacing-left-medium:1.92%;--awb-width-small:100%;--awb-order-small:0;--awb-spacing-right-small:1.92%;--awb-spacing-left-small:1.92%;\" data-scroll-devices=\"small-visibility,medium-visibility,large-visibility\"><div class=\"fusion-column-wrapper fusion-column-has-shadow fusion-flex-justify-content-flex-start fusion-content-layout-column\"><div class=\"fusion-text fusion-text-1\"><h2 style=\"text-align: center;\">Alles aus einer Hand<\/h2>\n<\/div><div class=\"fusion-text fusion-text-2\"><p style=\"text-align: center;\" data-start=\"312\" data-end=\"545\">Wo w\u00e4re Ihr Bestattungsfahrzeug besser aufgehoben als bei dem Hersteller selbst? Alle Fachdisziplinen sind in unserem Haus geb\u00fcndelt, von Reparatur und Unfallinstandsetzung bis hin zu Renovierung, Detailing und technischen Pr\u00fcfungen.\u00a0Wir betreuen Ihren gesamten Fuhrpark und sichern dabei die Qualit\u00e4t und Zuverl\u00e4ssigkeit, die Sie von Huiskamp Carrosseriefabriek erwarten. Mit festen Ansprechpartnern und internen Abl\u00e4ufen bleiben Wege kurz und Zust\u00e4ndigkeiten klar.<\/p>\n<p style=\"text-align: center;\" data-start=\"312\" data-end=\"545\">So bleibt Ihr Bestattungsfahrzeug jederzeit zuverl\u00e4ssig, gepflegt und einsatzbereit.<\/p>\n<\/div><div class=\"shortcode-wrapper\" id=\"shortcode_6a0326d280fcf\"><div class=\"posts-wrapper service content-archive\"data-template=\"serviceArchive\" data-shortcode-id=\"shortcode_6a0326d280fcf\"><div class=\"posts-container\"><div class=\"single single-service\"><div class=\"post-image\"><img decoding=\"async\" src=\"https:\/\/huiskamp.com\/wp-content\/uploads\/2025\/09\/Onderhoud-scaled.jpg\" alt=\"\" title=\"Onderhoud\" class=\"image\" \/><\/div><div class=\"post-content\"><h3 class=\"title\">Wartung<\/h3><div class=\"content\">Die Zuverl\u00e4ssigkeit Ihrer Fahrzeuge steht bei uns im Mittelpunkt. In unserer eigenen Werkstatt f\u00fchren wir vorbeugende Wartung und Pr\u00fcfungen durch, damit Ihr Fuhrpark einsatzbereit und gepflegt bleibt.  Mit festen Inspektionsintervallen und fachgerechter Ausf\u00fchrung reduzieren wir Ausf\u00e4lle und unterst\u00fctzen die Kontinuit\u00e4t Ihrer Abl\u00e4ufe.<\/div><div class=\"button-wrapper\"><a href=\"https:\/\/huiskamp.com\/de\/service\/wartung\/\" target=\"_self\" class=\"button default\"><span class=\"button-text\">Mehr \u00fcber wartung<\/span><\/a><\/div><\/div><\/div><div class=\"single single-service\"><div class=\"post-image\"><img decoding=\"async\" src=\"https:\/\/huiskamp.com\/wp-content\/uploads\/2025\/09\/Herstel-scaled.jpg\" alt=\"\" title=\"Herstel\" class=\"image\" \/><\/div><div class=\"post-content\"><h3 class=\"title\">Reparatur &#038; Instandsetzung<\/h3><div class=\"content\">Unvorhergesehene Sch\u00e4den erfordern eine schnelle und fachgerechte L\u00f6sung. Ob Karosserie, Lack, Interieur oder technische Reparaturen, wir setzen Ihr Fahrzeug zuverl\u00e4ssig instand.  So bleibt Ihr Fahrzeug einsatzbereit und gepflegt.<\/div><div class=\"button-wrapper\"><a href=\"https:\/\/huiskamp.com\/de\/service\/reparatur-unfallinstandsetzung\/\" target=\"_self\" class=\"button default\"><span class=\"button-text\">Mehr \u00fcber reparatur &#038; instandsetzung<\/span><\/a><\/div><\/div><\/div><div class=\"single single-service\"><div class=\"post-image\"><img decoding=\"async\" src=\"https:\/\/huiskamp.com\/wp-content\/uploads\/2025\/09\/Huiskamp_20.webp\" alt=\"\" title=\"Huiskamp_20\" class=\"image\" \/><\/div><div class=\"post-content\"><h3 class=\"title\">Aufarbeitung &#038; Optimierung<\/h3><div class=\"content\">M\u00f6chten Sie Ihr bestehendes Fahrzeug erneuern oder mit zus\u00e4tzlicher Funktionalit\u00e4t ausstatten? Wir renovieren und optimieren Fahrzeuge mit derselben Sorgfalt und dem gleichen handwerklichen Anspruch wie bei Neubauten.  Von technischen Anpassungen bis zu optischen Ver\u00e4nderungen sorgen wir daf\u00fcr, dass Ihr Fahrzeug wieder zu Ihren Anforderungen und Ihrer Organisation passt.<\/div><div class=\"button-wrapper\"><a href=\"https:\/\/huiskamp.com\/de\/service\/renovierung-optimierung\/\" target=\"_self\" class=\"button default\"><span class=\"button-text\">Mehr \u00fcber aufarbeitung &#038; optimierung<\/span><\/a><\/div><\/div><\/div><div class=\"single single-service\"><div class=\"post-image\"><img decoding=\"async\" src=\"https:\/\/huiskamp.com\/wp-content\/uploads\/2025\/09\/vlcsnap-2026-01-06-15h02m20s609-scaled.jpg\" alt=\"\" title=\"Detailling\" class=\"image\" \/><\/div><div class=\"post-content\"><h3 class=\"title\">Detailing<\/h3><div class=\"content\">Mit professionellem Detailing, darunter Innenraumreinigung, maschinelles Polieren und zertifizierte keramische Beschichtungen f\u00fcr dauerhaften Lackschutz und einen optimalen Glanzgrad, bringen wir Ihr Fahrzeug wieder in einen sehr guten Zustand.  So bleibt Ihr Fahrzeug gepflegt und repr\u00e4sentativ.<\/div><div class=\"button-wrapper\"><a href=\"https:\/\/huiskamp.com\/de\/service\/detailing\/\" target=\"_self\" class=\"button default\"><span class=\"button-text\">Mehr \u00fcber detailing<\/span><\/a><\/div><\/div><\/div><div class=\"single single-service\"><div class=\"post-image\"><img decoding=\"async\" src=\"https:\/\/huiskamp.com\/wp-content\/uploads\/2025\/09\/Haal-en-Breng-e1767774159168.png\" alt=\"\" title=\"Haal en Breng\" class=\"image\" \/><\/div><div class=\"post-content\"><h3 class=\"title\">Hol- &#038; Bringservice<\/h3><div class=\"content\">Ihre Zeit ist wertvoll. Mit unserem eigenen Transportfahrzeug und erfahrenen Fahrern sorgen wir daf\u00fcr, dass Ihr Fahrzeug sicher zu uns und wieder zur\u00fcck gelangt.  Ob Wartung, Reparatur oder Renovierung, wir \u00fcbernehmen den Transport von Anfang bis Ende.<\/div><div class=\"button-wrapper\"><a href=\"https:\/\/huiskamp.com\/de\/service\/hol-bringservice\/\" target=\"_self\" class=\"button default\"><span class=\"button-text\">Mehr \u00fcber hol- &#038; bringservice<\/span><\/a><\/div><\/div><\/div><div class=\"single single-service\"><div class=\"post-image\"><img decoding=\"async\" src=\"https:\/\/huiskamp.com\/wp-content\/uploads\/2025\/09\/20250919_115851-scaled.jpg\" alt=\"leen en huur rouwauto's\" title=\"leen en huur\" class=\"image\" \/><\/div><div class=\"post-content\"><h3 class=\"title\">Leih- und Mietbestattungsfahrzeuge<\/h3><div class=\"content\">Ihre Dienstleistung darf nicht stillstehen. Mit Leih- und Mietfahrzeugen bleiben Sie flexibel und einsatzbereit, auch w\u00e4hrend Wartung, Spitzenzeiten oder besonderen Bestattungen.<\/div><div class=\"button-wrapper\"><a href=\"https:\/\/huiskamp.com\/de\/service\/leih-und-mietbestattungsfahrzeuge\/\" target=\"_self\" class=\"button default\"><span class=\"button-text\">Mehr \u00fcber leih- und mietbestattungsfahrzeuge<\/span><\/a><\/div><\/div><\/div><div class=\"single single-service\"><div class=\"post-image\"><img decoding=\"async\" src=\"https:\/\/huiskamp.com\/wp-content\/uploads\/2025\/09\/Stoffeerderij-scaled.jpg\" alt=\"\" title=\"Stoffeerderij\" class=\"image\" \/><\/div><div class=\"post-content\"><h3 class=\"title\">Leasing<\/h3><div class=\"content\">Mit Leasing nutzen Sie ein repr\u00e4sentatives Fahrzeug ohne hohe Anfangsinvestition. Gemeinsam mit unseren Partnern sorgen wir f\u00fcr eine passende Leasingl\u00f6sung.<\/div><div class=\"button-wrapper\"><a href=\"https:\/\/huiskamp.com\/de\/service\/leasing\/\" target=\"_self\" class=\"button default\"><span class=\"button-text\">Mehr \u00fcber leasing<\/span><\/a><\/div><\/div><\/div><div class=\"single single-service\"><div class=\"post-image\"><img decoding=\"async\" src=\"https:\/\/huiskamp.com\/wp-content\/uploads\/2025\/12\/XT5s-scaled.jpg\" alt=\"\" title=\"XT5&#8217;s\" class=\"image\" \/><\/div><div class=\"post-content\"><h3 class=\"title\">Import von Bestattungsfahrzeugen<\/h3><div class=\"content\">Huiskamp Carrosseriefabriek \u00fcbernimmt den Import amerikanischer Bestattungsfahrzeuge, vom Kauf bis zur Zulassung und Registrierung. Optimierung und Wartung erfolgen ebenfalls im eigenen Haus.<\/div><div class=\"button-wrapper\"><a href=\"https:\/\/huiskamp.com\/de\/service\/import-von-bestattungsfahrzeugen\/\" target=\"_self\" class=\"button default\"><span class=\"button-text\">Mehr \u00fcber import von bestattungsfahrzeugen<\/span><\/a><\/div><\/div><\/div><\/div><\/div><\/div><\/div><\/div><\/div><\/div>\n","protected":false},"excerpt":{"rendered":"","protected":false},"author":1,"featured_media":0,"parent":0,"menu_order":0,"comment_status":"closed","ping_status":"closed","template":"100-width.php","meta":{"footnotes":""},"class_list":["post-2731","page","type-page","status-publish","hentry"],"_links":{"self":[{"href":"https:\/\/huiskamp.com\/de\/wp-json\/wp\/v2\/pages\/2731","targetHints":{"allow":["GET"]}}],"collection":[{"href":"https:\/\/huiskamp.com\/de\/wp-json\/wp\/v2\/pages"}],"about":[{"href":"https:\/\/huiskamp.com\/de\/wp-json\/wp\/v2\/types\/page"}],"author":[{"embeddable":true,"href":"https:\/\/huiskamp.com\/de\/wp-json\/wp\/v2\/users\/1"}],"replies":[{"embeddable":true,"href":"https:\/\/huiskamp.com\/de\/wp-json\/wp\/v2\/comments?post=2731"}],"version-history":[{"count":9,"href":"https:\/\/huiskamp.com\/de\/wp-json\/wp\/v2\/pages\/2731\/revisions"}],"predecessor-version":[{"id":4076,"href":"https:\/\/huiskamp.com\/de\/wp-json\/wp\/v2\/pages\/2731\/revisions\/4076"}],"wp:attachment":[{"href":"https:\/\/huiskamp.com\/de\/wp-json\/wp\/v2\/media?parent=2731"}],"curies":[{"name":"wp","href":"https:\/\/api.w.org\/{rel}","templated":true}]}}