{"id":2885,"date":"2025-09-04T09:52:53","date_gmt":"2025-09-04T07:52:53","guid":{"rendered":"https:\/\/huiskamp.com\/staatsierouwauto\/"},"modified":"2026-05-07T15:17:32","modified_gmt":"2026-05-07T13:17:32","slug":"bestattungslimousinen","status":"publish","type":"page","link":"https:\/\/huiskamp.com\/de\/bestattungslimousinen\/","title":{"rendered":"Bestattungslimousinen"},"content":{"rendered":"<p><div class=\"fusion-fullwidth fullwidth-box fusion-builder-row-1 fusion-flex-container has-pattern-background has-mask-background nonhundred-percent-fullwidth non-hundred-percent-height-scrolling\" style=\"--awb-border-radius-top-left:0px;--awb-border-radius-top-right:0px;--awb-border-radius-bottom-right:0px;--awb-border-radius-bottom-left:0px;--awb-flex-wrap:wrap;\" ><div class=\"fusion-builder-row fusion-row fusion-flex-align-items-flex-start fusion-flex-content-wrap\" style=\"max-width:1664px;margin-left: calc(-4% \/ 2 );margin-right: calc(-4% \/ 2 );\"><div class=\"fusion-layout-column fusion_builder_column fusion-builder-column-0 fusion_builder_column_1_1 1_1 fusion-flex-column\" style=\"--awb-bg-size:cover;--awb-width-large:100%;--awb-margin-top-large:0px;--awb-spacing-right-large:1.92%;--awb-margin-bottom-large:32px;--awb-spacing-left-large:1.92%;--awb-width-medium:100%;--awb-order-medium:0;--awb-spacing-right-medium:1.92%;--awb-spacing-left-medium:1.92%;--awb-width-small:100%;--awb-order-small:0;--awb-spacing-right-small:1.92%;--awb-spacing-left-small:1.92%;\"><div class=\"fusion-column-wrapper fusion-column-has-shadow fusion-flex-justify-content-flex-start fusion-content-layout-column\"><div class=\"shortcode-wrapper\" id=\"shortcode_6a0332de65924\"><div class=\"posts-wrapper aanbod archive\"data-template=\"aanbodStatiewagens\" data-shortcode-id=\"shortcode_6a0332de65924\"><div class=\"posts-container\"><a href=\"https:\/\/huiskamp.com\/de\/aanbod\/mercedes-214-5-deurs\/\" class=\"single single-aanbod\"><div class=\"post-image\"><img decoding=\"async\" src=\"https:\/\/huiskamp.com\/wp-content\/uploads\/2025\/12\/214-5-deurs-Glass-L-e1764836445601.png\" alt=\"\" title=\"214 5-deurs Glass L\" class=\"image\" \/><\/div><div class=\"post-content\"><h3 class=\"title\">Mercedes E-Klasse 5-T\u00fcrer Huiskamp<\/h3><div class=\"content\">Die neue Referenz in Design und Ausf\u00fchrung<\/div><\/div><\/a><a href=\"https:\/\/huiskamp.com\/de\/aanbod\/mercedes-e-klasse-3-deurs-huiskamp\/\" class=\"single single-aanbod\"><div class=\"post-image\"><img decoding=\"async\" src=\"https:\/\/huiskamp.com\/wp-content\/uploads\/2025\/12\/214-3-deurs-Glass-L-e1764836324857.png\" alt=\"\" title=\"214 3-deurs Glass L\" class=\"image\" \/><\/div><div class=\"post-content\"><h3 class=\"title\">Mercedes E-Klasse 3-T\u00fcrer Huiskamp<\/h3><div class=\"content\">Die neue Referenz in Design und Ausf\u00fchrung<\/div><\/div><\/a><a href=\"https:\/\/huiskamp.com\/de\/aanbod\/polestar2-elektrische-rouwauto\/\" class=\"single single-aanbod\"><div class=\"post-image\"><img decoding=\"async\" src=\"https:\/\/huiskamp.com\/wp-content\/uploads\/2025\/12\/Polestar-Glass-e1765551750759.png\" alt=\"\" title=\"Polestar Glass\" class=\"image\" \/><\/div><div class=\"post-content\"><h3 class=\"title\">Polestar 2 Huiskamp<\/h3><div class=\"content\">Vollelektrisch und kompromisslos<\/div><\/div><\/a><a href=\"https:\/\/huiskamp.com\/de\/aanbod\/cadillac-xt5-platinum\/\" class=\"single single-aanbod\"><div class=\"post-image\"><img decoding=\"async\" src=\"https:\/\/huiskamp.com\/wp-content\/uploads\/2025\/12\/20250923-DHF_4483-main-Cadillac-e1778585132627.webp\" alt=\"\" title=\"20250923-DHF_4483-main-Cadillac\" class=\"image\" \/><\/div><div class=\"post-content\"><h3 class=\"title\">Cadillac XT5 Platinum<\/h3><div class=\"content\">Imposant und stattlich<\/div><\/div><\/a><\/div><\/div><\/div><\/div><\/div><\/div><\/div><div class=\"fusion-fullwidth fullwidth-box fusion-builder-row-2 fusion-flex-container has-pattern-background has-mask-background nonhundred-percent-fullwidth non-hundred-percent-height-scrolling bg-shape-1\" style=\"--awb-border-radius-top-left:0px;--awb-border-radius-top-right:0px;--awb-border-radius-bottom-right:0px;--awb-border-radius-bottom-left:0px;--awb-background-color:var(--awb-color6);--awb-flex-wrap:wrap;\" ><div class=\"fusion-builder-row fusion-row fusion-flex-align-items-center fusion-flex-justify-content-center fusion-flex-content-wrap\" style=\"max-width:1664px;margin-left: calc(-4% \/ 2 );margin-right: calc(-4% \/ 2 );\"><div class=\"fusion-layout-column fusion_builder_column fusion-builder-column-1 fusion_builder_column_2_5 2_5 fusion-flex-column\" style=\"--awb-bg-size:cover;--awb-width-large:40%;--awb-margin-top-large:0px;--awb-spacing-right-large:4.8%;--awb-margin-bottom-large:32px;--awb-spacing-left-large:4.8%;--awb-width-medium:40%;--awb-order-medium:0;--awb-spacing-right-medium:4.8%;--awb-spacing-left-medium:4.8%;--awb-width-small:100%;--awb-order-small:0;--awb-spacing-right-small:1.92%;--awb-spacing-left-small:1.92%;\"><div class=\"fusion-column-wrapper fusion-column-has-shadow fusion-flex-justify-content-flex-start fusion-content-layout-column\"><div class=\"fusion-image-element \" style=\"--awb-aspect-ratio:1 \/ 1;--awb-caption-title-font-family:var(--h2_typography-font-family);--awb-caption-title-font-weight:var(--h2_typography-font-weight);--awb-caption-title-font-style:var(--h2_typography-font-style);--awb-caption-title-size:var(--h2_typography-font-size);--awb-caption-title-transform:var(--h2_typography-text-transform);--awb-caption-title-line-height:var(--h2_typography-line-height);--awb-caption-title-letter-spacing:var(--h2_typography-letter-spacing);\"><span class=\" fusion-imageframe imageframe-none imageframe-1 hover-type-none has-aspect-ratio\" style=\"border-radius:16px;\"><img decoding=\"async\" width=\"1920\" height=\"1281\" title=\"Richard\" src=\"https:\/\/huiskamp.com\/wp-content\/uploads\/2025\/09\/Richard.jpg\" class=\"img-responsive wp-image-2171 img-with-aspect-ratio\" data-parent-fit=\"cover\" data-parent-container=\".fusion-image-element\" alt srcset=\"https:\/\/huiskamp.com\/wp-content\/uploads\/2025\/09\/Richard-768x512.jpg 768w, https:\/\/huiskamp.com\/wp-content\/uploads\/2025\/09\/Richard-1536x1025.jpg 1536w, https:\/\/huiskamp.com\/wp-content\/uploads\/2025\/09\/Richard.jpg 1920w\" sizes=\"(max-width: 1920px) 100vw, 1920px\" \/><\/span><\/div><\/div><\/div><div class=\"fusion-layout-column fusion_builder_column fusion-builder-column-2 fusion_builder_column_2_5 2_5 fusion-flex-column\" style=\"--awb-bg-size:cover;--awb-width-large:40%;--awb-margin-top-large:0px;--awb-spacing-right-large:4.8%;--awb-margin-bottom-large:32px;--awb-spacing-left-large:4.8%;--awb-width-medium:40%;--awb-order-medium:0;--awb-spacing-right-medium:4.8%;--awb-spacing-left-medium:4.8%;--awb-width-small:100%;--awb-order-small:0;--awb-spacing-right-small:1.92%;--awb-spacing-left-small:1.92%;\"><div class=\"fusion-column-wrapper fusion-column-has-shadow fusion-flex-justify-content-flex-start fusion-content-layout-column\"><div class=\"fusion-title title fusion-title-1 fusion-sep-none fusion-title-text fusion-title-size-two\" style=\"--awb-text-color:var(--awb-color1);--awb-margin-top-small:0px;--awb-margin-right-small:0px;--awb-margin-bottom-small:16px;--awb-margin-left-small:0px;\"><h2 class=\"fusion-title-heading title-heading-left fusion-responsive-typography-calculated\" style=\"margin:0;--fontSize:56;line-height:var(--awb-typography1-line-height);\">Bestattungslimousinen von Huiskamp Carrosseriefabriek<\/h2><\/div><div class=\"fusion-text fusion-text-1\" style=\"--awb-text-color:#bcbbbb;\"><p data-start=\"326\" data-end=\"640\">Huiskamp Carrosseriefabriek entwirft, entwickelt und baut Bestattungslimousinen, die in jeder Hinsicht durchdacht und hochwertig ausgef\u00fchrt sind. Karosserie und Innenraum werden mit besonderer Aufmerksamkeit f\u00fcr Ergonomie, eine piet\u00e4tvolle Ausf\u00fchrung und eine f\u00fcr Huiskamp typische Verarbeitungsqualit\u00e4t gestaltet.<\/p>\n<p data-start=\"642\" data-end=\"907\">Jedes Fahrzeug l\u00e4sst sich pr\u00e4zise an die W\u00fcnsche und die Identit\u00e4t des Auftraggebers anpassen. Das Ergebnis ist ein langlebiges und wertstabiles Bestattungsfahrzeug, basierend auf \u00fcber einem Jahrhundert kontinuierlicher Weiterentwicklung im Karosseriebau seit 1913.<\/p>\n<\/div><\/div><\/div><\/div><\/div><\/p>\n","protected":false},"excerpt":{"rendered":"","protected":false},"author":1,"featured_media":0,"parent":0,"menu_order":0,"comment_status":"closed","ping_status":"closed","template":"100-width.php","meta":{"footnotes":""},"class_list":["post-2885","page","type-page","status-publish","hentry"],"_links":{"self":[{"href":"https:\/\/huiskamp.com\/de\/wp-json\/wp\/v2\/pages\/2885","targetHints":{"allow":["GET"]}}],"collection":[{"href":"https:\/\/huiskamp.com\/de\/wp-json\/wp\/v2\/pages"}],"about":[{"href":"https:\/\/huiskamp.com\/de\/wp-json\/wp\/v2\/types\/page"}],"author":[{"embeddable":true,"href":"https:\/\/huiskamp.com\/de\/wp-json\/wp\/v2\/users\/1"}],"replies":[{"embeddable":true,"href":"https:\/\/huiskamp.com\/de\/wp-json\/wp\/v2\/comments?post=2885"}],"version-history":[{"count":8,"href":"https:\/\/huiskamp.com\/de\/wp-json\/wp\/v2\/pages\/2885\/revisions"}],"predecessor-version":[{"id":4094,"href":"https:\/\/huiskamp.com\/de\/wp-json\/wp\/v2\/pages\/2885\/revisions\/4094"}],"wp:attachment":[{"href":"https:\/\/huiskamp.com\/de\/wp-json\/wp\/v2\/media?parent=2885"}],"curies":[{"name":"wp","href":"https:\/\/api.w.org\/{rel}","templated":true}]}}