{"id":338,"date":"2015-10-01T09:59:54","date_gmt":"2015-10-01T08:59:54","guid":{"rendered":"http:\/\/huiskamp.projects.netcreators.nl\/?page_id=338"},"modified":"2016-07-07T16:54:51","modified_gmt":"2016-07-07T15:54:51","slug":"home","status":"publish","type":"page","link":"https:\/\/huiskamp.com\/de\/","title":{"rendered":"Home"},"content":{"rendered":"<h1 class=\"csc-firstHeader\">Endlose M\u00f6glichkeiten<\/h1>\n<p class=\"bodytext\">Mit unserer fast einhundertj\u00e4hrigen Erfahrung, den Kenntnissen unserer Fachkr\u00e4fte, der Ausr\u00fcstung unserer Werkstatt und unseren exklusiven Partnerschaften bieten wir Ihnen ein Gesamtpaket f\u00fcr Ihre Anforderungen.<\/p>\n<p class=\"bodytext\"><img loading=\"lazy\" decoding=\"async\" class=\"wp-image-1327 size-full alignnone\" src=\"http:\/\/huiskamp.com\/wp-content\/uploads\/Vacatures_fotoslider_Huiskamp_06.jpg\" width=\"536\" height=\"356\" srcset=\"https:\/\/huiskamp.com\/de\/wp-content\/uploads\/sites\/2\/Vacatures_fotoslider_Huiskamp_06.jpg 536w, https:\/\/huiskamp.com\/de\/wp-content\/uploads\/sites\/2\/Vacatures_fotoslider_Huiskamp_06-300x199.jpg 300w, https:\/\/huiskamp.com\/de\/wp-content\/uploads\/sites\/2\/Vacatures_fotoslider_Huiskamp_06-250x166.jpg 250w, https:\/\/huiskamp.com\/de\/wp-content\/uploads\/sites\/2\/Vacatures_fotoslider_Huiskamp_06-271x180.jpg 271w, https:\/\/huiskamp.com\/de\/wp-content\/uploads\/sites\/2\/Vacatures_fotoslider_Huiskamp_06-452x300.jpg 452w\" sizes=\"auto, (max-width: 536px) 100vw, 536px\" \/><\/p>\n","protected":false},"excerpt":{"rendered":"<p>Endlose M\u00f6glichkeiten Mit unserer fast einhundertj\u00e4hrigen Erfahrung, den Kenntnissen unserer Fachkr\u00e4fte, der Ausr\u00fcstung unserer Werkstatt und unseren exklusiven Partnerschaften bieten wir Ihnen ein Gesamtpaket f\u00fcr Ihre Anforderungen.<\/p>\n","protected":false},"author":1,"featured_media":0,"parent":0,"menu_order":1,"comment_status":"closed","ping_status":"closed","template":"","meta":{"footnotes":""},"class_list":["post-338","page","type-page","status-publish","hentry"],"_links":{"self":[{"href":"https:\/\/huiskamp.com\/de\/wp-json\/wp\/v2\/pages\/338","targetHints":{"allow":["GET"]}}],"collection":[{"href":"https:\/\/huiskamp.com\/de\/wp-json\/wp\/v2\/pages"}],"about":[{"href":"https:\/\/huiskamp.com\/de\/wp-json\/wp\/v2\/types\/page"}],"author":[{"embeddable":true,"href":"https:\/\/huiskamp.com\/de\/wp-json\/wp\/v2\/users\/1"}],"replies":[{"embeddable":true,"href":"https:\/\/huiskamp.com\/de\/wp-json\/wp\/v2\/comments?post=338"}],"version-history":[{"count":5,"href":"https:\/\/huiskamp.com\/de\/wp-json\/wp\/v2\/pages\/338\/revisions"}],"predecessor-version":[{"id":1455,"href":"https:\/\/huiskamp.com\/de\/wp-json\/wp\/v2\/pages\/338\/revisions\/1455"}],"wp:attachment":[{"href":"https:\/\/huiskamp.com\/de\/wp-json\/wp\/v2\/media?parent=338"}],"curies":[{"name":"wp","href":"https:\/\/api.w.org\/{rel}","templated":true}]}}