{"id":345,"date":"2015-10-01T10:10:43","date_gmt":"2015-10-01T09:10:43","guid":{"rendered":"http:\/\/huiskamp.projects.netcreators.nl\/?page_id=345"},"modified":"2016-07-08T01:33:58","modified_gmt":"2016-07-08T00:33:58","slug":"huiskamp","status":"publish","type":"page","link":"https:\/\/huiskamp.com\/de\/huiskamp\/","title":{"rendered":"Huiskamp"},"content":{"rendered":"<div class=\"csc-header csc-header-n1\"><\/div>\n<h3><\/h3>\n<div class=\"csc-header csc-header-n12\">\n<h1>Huiskamp\u00a0Carrosseriefabriek<\/h1>\n<\/div>\n<p class=\"bodytext\"><span lang=\"DE\">In der modernen Manufaktur von Huiskamp sind heutzutage ungef\u00e4hr 30 erfahrene Fachleute und einige begeisterte Lehrlinge besch\u00e4ftigt. Die spezialisierten Entwerfer, Metall-Facharbeiter, Schlosser, Polsterer, Lackierer und Monteure besch\u00e4ftigen sich t\u00e4glich mit dem Bau, der Renovierung, der Optimierung, dem Import und der Wartung von Bestattungsfahrzeugen.<\/span><\/p>\n<div class=\"csc-header csc-header-n13\"><\/div>\n","protected":false},"excerpt":{"rendered":"<p>Huiskamp\u00a0Carrosseriefabriek In der modernen Manufaktur von Huiskamp sind heutzutage ungef\u00e4hr 30 erfahrene Fachleute und einige begeisterte Lehrlinge besch\u00e4ftigt. Die spezialisierten Entwerfer, Metall-Facharbeiter, Schlosser, Polsterer, Lackierer und Monteure besch\u00e4ftigen sich t\u00e4glich mit dem Bau, der Renovierung, der Optimierung, dem Import und <a class=\"more-link\" href=\"https:\/\/huiskamp.com\/de\/huiskamp\/\">Read More &#8230;<\/a><\/p>\n","protected":false},"author":1,"featured_media":1330,"parent":0,"menu_order":2,"comment_status":"closed","ping_status":"closed","template":"","meta":{"footnotes":""},"class_list":["post-345","page","type-page","status-publish","has-post-thumbnail","hentry"],"_links":{"self":[{"href":"https:\/\/huiskamp.com\/de\/wp-json\/wp\/v2\/pages\/345","targetHints":{"allow":["GET"]}}],"collection":[{"href":"https:\/\/huiskamp.com\/de\/wp-json\/wp\/v2\/pages"}],"about":[{"href":"https:\/\/huiskamp.com\/de\/wp-json\/wp\/v2\/types\/page"}],"author":[{"embeddable":true,"href":"https:\/\/huiskamp.com\/de\/wp-json\/wp\/v2\/users\/1"}],"replies":[{"embeddable":true,"href":"https:\/\/huiskamp.com\/de\/wp-json\/wp\/v2\/comments?post=345"}],"version-history":[{"count":4,"href":"https:\/\/huiskamp.com\/de\/wp-json\/wp\/v2\/pages\/345\/revisions"}],"predecessor-version":[{"id":1486,"href":"https:\/\/huiskamp.com\/de\/wp-json\/wp\/v2\/pages\/345\/revisions\/1486"}],"wp:featuredmedia":[{"embeddable":true,"href":"https:\/\/huiskamp.com\/de\/wp-json\/wp\/v2\/media\/1330"}],"wp:attachment":[{"href":"https:\/\/huiskamp.com\/de\/wp-json\/wp\/v2\/media?parent=345"}],"curies":[{"name":"wp","href":"https:\/\/api.w.org\/{rel}","templated":true}]}}