{"id":347,"date":"2015-10-01T10:11:54","date_gmt":"2015-09-29T09:07:36","guid":{"rendered":"http:\/\/huiskamp.projects.netcreators.nl\/?page_id=347"},"modified":"2016-07-08T01:32:15","modified_gmt":"2016-07-08T00:32:15","slug":"vision","status":"publish","type":"page","link":"https:\/\/huiskamp.com\/de\/huiskamp\/vision\/","title":{"rendered":"Vision"},"content":{"rendered":"<div class=\"csc-header csc-header-n13\">\n<h2>Unsere Schwerpunkte<\/h2>\n<\/div>\n<p class=\"bodytext\">\n<p class=\"bodytext\"><b><span lang=\"DE\">Ma\u00dfarbeit<br \/>\n<\/span><\/b><span lang=\"DE\">Jedes Bestattungsunternehmen ist ein Unikat. Es ist unsere Passion, zusammen mit Ihnen einen eleganten und funktionalen Entwurf zu entwickeln, der genau zur Ausstrahlung und Arbeitsweise Ihres Betriebes passt. Der Bau, die Renovierung oder die Optimierung eines Huiskamp-Bestattungsfahrzeugs beginnt immer mit einem pers\u00f6nlichen Gespr\u00e4ch um so ein ma\u00dfgeschneidertes Bestattungsfahrzeug herzustellen.\u00a0<\/span><span lang=\"DE\">Optimale Ma\u00dfarbeit \u2013 daf\u00fcr sind wir bekannt.<\/span><\/p>\n<p class=\"bodytext\"><b><span lang=\"DE\"><br \/>\nEleganz<br \/>\n<\/span><\/b><span lang=\"DE\">F\u00fcr die Hinterbliebenen steht Ihr Bestattungsfahrzeug als Garant f\u00fcr eine w\u00fcrdige letzte Fahrt. Jedes Huiskamp-Bestattungsfahrzeug ist deswegen eine piet\u00e4tvolle Erscheinung. Au\u00dferdem ist ein Bestattungsfahrzeug ein Spiegel Ihrer Firma und muss also einen guten Eindruck hinterlassen. Jedes Detail Ihres Huiskamp\u2013Bestattungsfahrzeugs wird mit viel Sorgfalt entworfen und entwickelt. Diese Passion sehen Sie in jedem Huiskamp\u2013Produkt.<\/span><\/p>\n<p class=\"bodytext\"><b><span lang=\"DE\"><br \/>\nFunktionalit\u00e4t<br \/>\n<\/span><\/b><span lang=\"DE\">F\u00fcr Sie und Ihr Team ist dasselbe Fahrzeug der t\u00e4gliche Arbeitsplatz. Darum sind uns bei Huiskamp Funktionalit\u00e4t und Ergonomie so wichtig. Einzigartige L\u00f6sungen wie zum Beispiel die im Innenraum integrierten Schubladen, die stilvoll-\u00e4sthetische Beleuchtung oder der eingebaute Apothekenschrank sorgen f\u00fcr optimale Transport- und Arbeitsbedingungen. In Verbindung mit den ausgesuchten, hochwertigen Materialien entsteht so die unvergleichlich exklusive, w\u00fcrdevolle Aura, die von Huiskamp angefertigte Wagen auszeichnet.<\/span><\/p>\n","protected":false},"excerpt":{"rendered":"<p>Unsere Schwerpunkte Ma\u00dfarbeit Jedes Bestattungsunternehmen ist ein Unikat. Es ist unsere Passion, zusammen mit Ihnen einen eleganten und funktionalen Entwurf zu entwickeln, der genau zur Ausstrahlung und Arbeitsweise Ihres Betriebes passt. Der Bau, die Renovierung oder die Optimierung eines Huiskamp-Bestattungsfahrzeugs <a class=\"more-link\" href=\"https:\/\/huiskamp.com\/de\/huiskamp\/vision\/\">Read More &#8230;<\/a><\/p>\n","protected":false},"author":1,"featured_media":805,"parent":345,"menu_order":1,"comment_status":"closed","ping_status":"closed","template":"","meta":{"footnotes":""},"class_list":["post-347","page","type-page","status-publish","has-post-thumbnail","hentry"],"_links":{"self":[{"href":"https:\/\/huiskamp.com\/de\/wp-json\/wp\/v2\/pages\/347","targetHints":{"allow":["GET"]}}],"collection":[{"href":"https:\/\/huiskamp.com\/de\/wp-json\/wp\/v2\/pages"}],"about":[{"href":"https:\/\/huiskamp.com\/de\/wp-json\/wp\/v2\/types\/page"}],"author":[{"embeddable":true,"href":"https:\/\/huiskamp.com\/de\/wp-json\/wp\/v2\/users\/1"}],"replies":[{"embeddable":true,"href":"https:\/\/huiskamp.com\/de\/wp-json\/wp\/v2\/comments?post=347"}],"version-history":[{"count":3,"href":"https:\/\/huiskamp.com\/de\/wp-json\/wp\/v2\/pages\/347\/revisions"}],"predecessor-version":[{"id":1485,"href":"https:\/\/huiskamp.com\/de\/wp-json\/wp\/v2\/pages\/347\/revisions\/1485"}],"up":[{"embeddable":true,"href":"https:\/\/huiskamp.com\/de\/wp-json\/wp\/v2\/pages\/345"}],"wp:featuredmedia":[{"embeddable":true,"href":"https:\/\/huiskamp.com\/de\/wp-json\/wp\/v2\/media\/805"}],"wp:attachment":[{"href":"https:\/\/huiskamp.com\/de\/wp-json\/wp\/v2\/media?parent=347"}],"curies":[{"name":"wp","href":"https:\/\/api.w.org\/{rel}","templated":true}]}}