{"id":349,"date":"2015-10-01T10:13:18","date_gmt":"2015-09-29T09:07:55","guid":{"rendered":"http:\/\/huiskamp.projects.netcreators.nl\/?page_id=349"},"modified":"2016-07-09T14:29:11","modified_gmt":"2016-07-09T13:29:11","slug":"der-betrieb","status":"publish","type":"page","link":"https:\/\/huiskamp.com\/de\/huiskamp\/der-betrieb\/","title":{"rendered":"Der Betrieb"},"content":{"rendered":"<p>In der modernen Manufaktur von Huiskamp sind heutzutage ungef\u00e4hr 30 erfahrene Fachleute und einige begeisterte Lehrlinge besch\u00e4ftigt. Die spezialisierten Entwerfer, Metall-Facharbeiter, Schlosser, Polsterer, Lackierer und Monteure besch\u00e4ftigen sich t\u00e4glich mit dem Bau, der Renovierung, der Optimierung, dem Import und der Wartung von Bestattungsfahrzeugen.<\/p>\n\n\t\t<style type=\"text\/css\">\n\t\t\t#gallery-1 {\n\t\t\t\tmargin: auto;\n\t\t\t}\n\t\t\t#gallery-1 .gallery-item {\n\t\t\t\tfloat: left;\n\t\t\t\tmargin-top: 10px;\n\t\t\t\ttext-align: center;\n\t\t\t\twidth: 33%;\n\t\t\t}\n\t\t\t#gallery-1 img {\n\t\t\t\tborder: 2px solid #cfcfcf;\n\t\t\t}\n\t\t\t#gallery-1 .gallery-caption {\n\t\t\t\tmargin-left: 0;\n\t\t\t}\n\t\t\t\/* see gallery_shortcode() in wp-includes\/media.php *\/\n\t\t<\/style>\n\t\t<div id='gallery-1' class='gallery galleryid-349 gallery-columns-3 gallery-size-full'><dl class='gallery-item'>\n\t\t\t<dt class='gallery-icon landscape'>\n\t\t\t\t<a href='https:\/\/huiskamp.com\/de\/vactures\/attachment\/vacatures_fotoslider_huiskamp_03\/#main'><img loading=\"lazy\" decoding=\"async\" width=\"536\" height=\"357\" src=\"https:\/\/huiskamp.com\/de\/wp-content\/uploads\/sites\/2\/Vacatures_fotoslider_Huiskamp_03.jpg\" class=\"attachment-full size-full\" alt=\"\" srcset=\"https:\/\/huiskamp.com\/de\/wp-content\/uploads\/sites\/2\/Vacatures_fotoslider_Huiskamp_03.jpg 536w, https:\/\/huiskamp.com\/de\/wp-content\/uploads\/sites\/2\/Vacatures_fotoslider_Huiskamp_03-300x200.jpg 300w, https:\/\/huiskamp.com\/de\/wp-content\/uploads\/sites\/2\/Vacatures_fotoslider_Huiskamp_03-250x167.jpg 250w, https:\/\/huiskamp.com\/de\/wp-content\/uploads\/sites\/2\/Vacatures_fotoslider_Huiskamp_03-270x180.jpg 270w, https:\/\/huiskamp.com\/de\/wp-content\/uploads\/sites\/2\/Vacatures_fotoslider_Huiskamp_03-450x300.jpg 450w\" sizes=\"auto, (max-width: 536px) 100vw, 536px\" \/><\/a>\n\t\t\t<\/dt><\/dl><dl class='gallery-item'>\n\t\t\t<dt class='gallery-icon landscape'>\n\t\t\t\t<a href='https:\/\/huiskamp.com\/de\/vactures\/attachment\/vacatures_fotoslider_huiskamp_02\/#main'><img loading=\"lazy\" decoding=\"async\" width=\"536\" height=\"357\" src=\"https:\/\/huiskamp.com\/de\/wp-content\/uploads\/sites\/2\/Vacatures_fotoslider_Huiskamp_02.jpg\" class=\"attachment-full size-full\" alt=\"\" srcset=\"https:\/\/huiskamp.com\/de\/wp-content\/uploads\/sites\/2\/Vacatures_fotoslider_Huiskamp_02.jpg 536w, https:\/\/huiskamp.com\/de\/wp-content\/uploads\/sites\/2\/Vacatures_fotoslider_Huiskamp_02-300x200.jpg 300w, https:\/\/huiskamp.com\/de\/wp-content\/uploads\/sites\/2\/Vacatures_fotoslider_Huiskamp_02-250x167.jpg 250w, https:\/\/huiskamp.com\/de\/wp-content\/uploads\/sites\/2\/Vacatures_fotoslider_Huiskamp_02-270x180.jpg 270w, https:\/\/huiskamp.com\/de\/wp-content\/uploads\/sites\/2\/Vacatures_fotoslider_Huiskamp_02-450x300.jpg 450w\" sizes=\"auto, (max-width: 536px) 100vw, 536px\" \/><\/a>\n\t\t\t<\/dt><\/dl><dl class='gallery-item'>\n\t\t\t<dt class='gallery-icon landscape'>\n\t\t\t\t<a href='https:\/\/huiskamp.com\/de\/huiskamp_fabriek_overall-foto\/'><img loading=\"lazy\" decoding=\"async\" width=\"536\" height=\"357\" src=\"https:\/\/huiskamp.com\/de\/wp-content\/uploads\/sites\/2\/Huiskamp_Fabriek_overall-foto.jpg\" class=\"attachment-full size-full\" alt=\"\" srcset=\"https:\/\/huiskamp.com\/de\/wp-content\/uploads\/sites\/2\/Huiskamp_Fabriek_overall-foto.jpg 536w, https:\/\/huiskamp.com\/de\/wp-content\/uploads\/sites\/2\/Huiskamp_Fabriek_overall-foto-300x200.jpg 300w, https:\/\/huiskamp.com\/de\/wp-content\/uploads\/sites\/2\/Huiskamp_Fabriek_overall-foto-250x167.jpg 250w, https:\/\/huiskamp.com\/de\/wp-content\/uploads\/sites\/2\/Huiskamp_Fabriek_overall-foto-270x180.jpg 270w, https:\/\/huiskamp.com\/de\/wp-content\/uploads\/sites\/2\/Huiskamp_Fabriek_overall-foto-450x300.jpg 450w\" sizes=\"auto, (max-width: 536px) 100vw, 536px\" \/><\/a>\n\t\t\t<\/dt><\/dl><br style=\"clear: both\" \/><dl class='gallery-item'>\n\t\t\t<dt class='gallery-icon landscape'>\n\t\t\t\t<a href='https:\/\/huiskamp.com\/de\/huiskamp_fabriek_01\/'><img loading=\"lazy\" decoding=\"async\" width=\"536\" height=\"357\" src=\"https:\/\/huiskamp.com\/de\/wp-content\/uploads\/sites\/2\/Huiskamp_Fabriek_01.jpg\" class=\"attachment-full size-full\" alt=\"\" srcset=\"https:\/\/huiskamp.com\/de\/wp-content\/uploads\/sites\/2\/Huiskamp_Fabriek_01.jpg 536w, https:\/\/huiskamp.com\/de\/wp-content\/uploads\/sites\/2\/Huiskamp_Fabriek_01-300x200.jpg 300w, https:\/\/huiskamp.com\/de\/wp-content\/uploads\/sites\/2\/Huiskamp_Fabriek_01-250x167.jpg 250w, https:\/\/huiskamp.com\/de\/wp-content\/uploads\/sites\/2\/Huiskamp_Fabriek_01-270x180.jpg 270w, https:\/\/huiskamp.com\/de\/wp-content\/uploads\/sites\/2\/Huiskamp_Fabriek_01-450x300.jpg 450w\" sizes=\"auto, (max-width: 536px) 100vw, 536px\" \/><\/a>\n\t\t\t<\/dt><\/dl><dl class='gallery-item'>\n\t\t\t<dt class='gallery-icon landscape'>\n\t\t\t\t<a href='https:\/\/huiskamp.com\/de\/huiskamp_fabriek_14\/'><img loading=\"lazy\" decoding=\"async\" width=\"536\" height=\"357\" src=\"https:\/\/huiskamp.com\/de\/wp-content\/uploads\/sites\/2\/Huiskamp_Fabriek_14.jpg\" class=\"attachment-full size-full\" alt=\"\" srcset=\"https:\/\/huiskamp.com\/de\/wp-content\/uploads\/sites\/2\/Huiskamp_Fabriek_14.jpg 536w, https:\/\/huiskamp.com\/de\/wp-content\/uploads\/sites\/2\/Huiskamp_Fabriek_14-300x200.jpg 300w, https:\/\/huiskamp.com\/de\/wp-content\/uploads\/sites\/2\/Huiskamp_Fabriek_14-250x167.jpg 250w, https:\/\/huiskamp.com\/de\/wp-content\/uploads\/sites\/2\/Huiskamp_Fabriek_14-270x180.jpg 270w, https:\/\/huiskamp.com\/de\/wp-content\/uploads\/sites\/2\/Huiskamp_Fabriek_14-450x300.jpg 450w\" sizes=\"auto, (max-width: 536px) 100vw, 536px\" \/><\/a>\n\t\t\t<\/dt><\/dl><dl class='gallery-item'>\n\t\t\t<dt class='gallery-icon landscape'>\n\t\t\t\t<a href='https:\/\/huiskamp.com\/de\/huiskamp_fabriek_02\/'><img loading=\"lazy\" decoding=\"async\" width=\"536\" height=\"357\" src=\"https:\/\/huiskamp.com\/de\/wp-content\/uploads\/sites\/2\/Huiskamp_Fabriek_02.jpg\" class=\"attachment-full size-full\" alt=\"\" srcset=\"https:\/\/huiskamp.com\/de\/wp-content\/uploads\/sites\/2\/Huiskamp_Fabriek_02.jpg 536w, https:\/\/huiskamp.com\/de\/wp-content\/uploads\/sites\/2\/Huiskamp_Fabriek_02-300x200.jpg 300w, https:\/\/huiskamp.com\/de\/wp-content\/uploads\/sites\/2\/Huiskamp_Fabriek_02-250x167.jpg 250w, https:\/\/huiskamp.com\/de\/wp-content\/uploads\/sites\/2\/Huiskamp_Fabriek_02-270x180.jpg 270w, https:\/\/huiskamp.com\/de\/wp-content\/uploads\/sites\/2\/Huiskamp_Fabriek_02-450x300.jpg 450w\" sizes=\"auto, (max-width: 536px) 100vw, 536px\" \/><\/a>\n\t\t\t<\/dt><\/dl><br style=\"clear: both\" \/><dl class='gallery-item'>\n\t\t\t<dt class='gallery-icon portrait'>\n\t\t\t\t<a href='https:\/\/huiskamp.com\/de\/huiskamp_fabriek_03\/'><img loading=\"lazy\" decoding=\"async\" width=\"536\" height=\"804\" src=\"https:\/\/huiskamp.com\/de\/wp-content\/uploads\/sites\/2\/Huiskamp_Fabriek_03.jpg\" class=\"attachment-full size-full\" alt=\"\" srcset=\"https:\/\/huiskamp.com\/de\/wp-content\/uploads\/sites\/2\/Huiskamp_Fabriek_03.jpg 536w, https:\/\/huiskamp.com\/de\/wp-content\/uploads\/sites\/2\/Huiskamp_Fabriek_03-200x300.jpg 200w, https:\/\/huiskamp.com\/de\/wp-content\/uploads\/sites\/2\/Huiskamp_Fabriek_03-267x400.jpg 267w, https:\/\/huiskamp.com\/de\/wp-content\/uploads\/sites\/2\/Huiskamp_Fabriek_03-250x375.jpg 250w, https:\/\/huiskamp.com\/de\/wp-content\/uploads\/sites\/2\/Huiskamp_Fabriek_03-120x180.jpg 120w, https:\/\/huiskamp.com\/de\/wp-content\/uploads\/sites\/2\/Huiskamp_Fabriek_03-333x500.jpg 333w\" sizes=\"auto, (max-width: 536px) 100vw, 536px\" \/><\/a>\n\t\t\t<\/dt><\/dl><dl class='gallery-item'>\n\t\t\t<dt class='gallery-icon landscape'>\n\t\t\t\t<a href='https:\/\/huiskamp.com\/de\/huiskamp_fabriek_04\/'><img loading=\"lazy\" decoding=\"async\" width=\"536\" height=\"357\" src=\"https:\/\/huiskamp.com\/de\/wp-content\/uploads\/sites\/2\/Huiskamp_Fabriek_04.jpg\" class=\"attachment-full size-full\" alt=\"\" srcset=\"https:\/\/huiskamp.com\/de\/wp-content\/uploads\/sites\/2\/Huiskamp_Fabriek_04.jpg 536w, https:\/\/huiskamp.com\/de\/wp-content\/uploads\/sites\/2\/Huiskamp_Fabriek_04-300x200.jpg 300w, https:\/\/huiskamp.com\/de\/wp-content\/uploads\/sites\/2\/Huiskamp_Fabriek_04-250x167.jpg 250w, https:\/\/huiskamp.com\/de\/wp-content\/uploads\/sites\/2\/Huiskamp_Fabriek_04-270x180.jpg 270w, https:\/\/huiskamp.com\/de\/wp-content\/uploads\/sites\/2\/Huiskamp_Fabriek_04-450x300.jpg 450w\" sizes=\"auto, (max-width: 536px) 100vw, 536px\" \/><\/a>\n\t\t\t<\/dt><\/dl><dl class='gallery-item'>\n\t\t\t<dt class='gallery-icon landscape'>\n\t\t\t\t<a href='https:\/\/huiskamp.com\/de\/huiskamp_fabriek_05\/'><img loading=\"lazy\" decoding=\"async\" width=\"536\" height=\"357\" src=\"https:\/\/huiskamp.com\/de\/wp-content\/uploads\/sites\/2\/Huiskamp_Fabriek_05.jpg\" class=\"attachment-full size-full\" alt=\"\" srcset=\"https:\/\/huiskamp.com\/de\/wp-content\/uploads\/sites\/2\/Huiskamp_Fabriek_05.jpg 536w, https:\/\/huiskamp.com\/de\/wp-content\/uploads\/sites\/2\/Huiskamp_Fabriek_05-300x200.jpg 300w, https:\/\/huiskamp.com\/de\/wp-content\/uploads\/sites\/2\/Huiskamp_Fabriek_05-250x167.jpg 250w, https:\/\/huiskamp.com\/de\/wp-content\/uploads\/sites\/2\/Huiskamp_Fabriek_05-270x180.jpg 270w, https:\/\/huiskamp.com\/de\/wp-content\/uploads\/sites\/2\/Huiskamp_Fabriek_05-450x300.jpg 450w\" sizes=\"auto, (max-width: 536px) 100vw, 536px\" \/><\/a>\n\t\t\t<\/dt><\/dl><br style=\"clear: both\" \/><dl class='gallery-item'>\n\t\t\t<dt class='gallery-icon landscape'>\n\t\t\t\t<a href='https:\/\/huiskamp.com\/de\/huiskamp_fabriek_06\/'><img loading=\"lazy\" decoding=\"async\" width=\"536\" height=\"357\" src=\"https:\/\/huiskamp.com\/de\/wp-content\/uploads\/sites\/2\/Huiskamp_Fabriek_06.jpg\" class=\"attachment-full size-full\" alt=\"\" srcset=\"https:\/\/huiskamp.com\/de\/wp-content\/uploads\/sites\/2\/Huiskamp_Fabriek_06.jpg 536w, https:\/\/huiskamp.com\/de\/wp-content\/uploads\/sites\/2\/Huiskamp_Fabriek_06-300x200.jpg 300w, https:\/\/huiskamp.com\/de\/wp-content\/uploads\/sites\/2\/Huiskamp_Fabriek_06-250x167.jpg 250w, https:\/\/huiskamp.com\/de\/wp-content\/uploads\/sites\/2\/Huiskamp_Fabriek_06-270x180.jpg 270w, https:\/\/huiskamp.com\/de\/wp-content\/uploads\/sites\/2\/Huiskamp_Fabriek_06-450x300.jpg 450w\" sizes=\"auto, (max-width: 536px) 100vw, 536px\" \/><\/a>\n\t\t\t<\/dt><\/dl><dl class='gallery-item'>\n\t\t\t<dt class='gallery-icon landscape'>\n\t\t\t\t<a href='https:\/\/huiskamp.com\/de\/huiskamp_fabriek_07\/'><img loading=\"lazy\" decoding=\"async\" width=\"536\" height=\"357\" src=\"https:\/\/huiskamp.com\/de\/wp-content\/uploads\/sites\/2\/Huiskamp_Fabriek_07.jpg\" class=\"attachment-full size-full\" alt=\"\" srcset=\"https:\/\/huiskamp.com\/de\/wp-content\/uploads\/sites\/2\/Huiskamp_Fabriek_07.jpg 536w, https:\/\/huiskamp.com\/de\/wp-content\/uploads\/sites\/2\/Huiskamp_Fabriek_07-300x200.jpg 300w, https:\/\/huiskamp.com\/de\/wp-content\/uploads\/sites\/2\/Huiskamp_Fabriek_07-250x167.jpg 250w, https:\/\/huiskamp.com\/de\/wp-content\/uploads\/sites\/2\/Huiskamp_Fabriek_07-270x180.jpg 270w, https:\/\/huiskamp.com\/de\/wp-content\/uploads\/sites\/2\/Huiskamp_Fabriek_07-450x300.jpg 450w\" sizes=\"auto, (max-width: 536px) 100vw, 536px\" \/><\/a>\n\t\t\t<\/dt><\/dl><dl class='gallery-item'>\n\t\t\t<dt class='gallery-icon landscape'>\n\t\t\t\t<a href='https:\/\/huiskamp.com\/de\/huiskamp_fabriek_08\/'><img loading=\"lazy\" decoding=\"async\" width=\"536\" height=\"357\" src=\"https:\/\/huiskamp.com\/de\/wp-content\/uploads\/sites\/2\/Huiskamp_Fabriek_08.jpg\" class=\"attachment-full size-full\" alt=\"\" srcset=\"https:\/\/huiskamp.com\/de\/wp-content\/uploads\/sites\/2\/Huiskamp_Fabriek_08.jpg 536w, https:\/\/huiskamp.com\/de\/wp-content\/uploads\/sites\/2\/Huiskamp_Fabriek_08-300x200.jpg 300w, https:\/\/huiskamp.com\/de\/wp-content\/uploads\/sites\/2\/Huiskamp_Fabriek_08-250x167.jpg 250w, https:\/\/huiskamp.com\/de\/wp-content\/uploads\/sites\/2\/Huiskamp_Fabriek_08-270x180.jpg 270w, https:\/\/huiskamp.com\/de\/wp-content\/uploads\/sites\/2\/Huiskamp_Fabriek_08-450x300.jpg 450w\" sizes=\"auto, (max-width: 536px) 100vw, 536px\" \/><\/a>\n\t\t\t<\/dt><\/dl><br style=\"clear: both\" \/><dl class='gallery-item'>\n\t\t\t<dt class='gallery-icon landscape'>\n\t\t\t\t<a href='https:\/\/huiskamp.com\/de\/huiskamp_fabriek_09\/'><img loading=\"lazy\" decoding=\"async\" width=\"536\" height=\"357\" src=\"https:\/\/huiskamp.com\/de\/wp-content\/uploads\/sites\/2\/Huiskamp_Fabriek_09.jpg\" class=\"attachment-full size-full\" alt=\"\" srcset=\"https:\/\/huiskamp.com\/de\/wp-content\/uploads\/sites\/2\/Huiskamp_Fabriek_09.jpg 536w, https:\/\/huiskamp.com\/de\/wp-content\/uploads\/sites\/2\/Huiskamp_Fabriek_09-300x200.jpg 300w, https:\/\/huiskamp.com\/de\/wp-content\/uploads\/sites\/2\/Huiskamp_Fabriek_09-250x167.jpg 250w, https:\/\/huiskamp.com\/de\/wp-content\/uploads\/sites\/2\/Huiskamp_Fabriek_09-270x180.jpg 270w, https:\/\/huiskamp.com\/de\/wp-content\/uploads\/sites\/2\/Huiskamp_Fabriek_09-450x300.jpg 450w\" sizes=\"auto, (max-width: 536px) 100vw, 536px\" \/><\/a>\n\t\t\t<\/dt><\/dl><dl class='gallery-item'>\n\t\t\t<dt class='gallery-icon portrait'>\n\t\t\t\t<a href='https:\/\/huiskamp.com\/de\/huiskamp_fabriek_10\/'><img loading=\"lazy\" decoding=\"async\" width=\"536\" height=\"804\" src=\"https:\/\/huiskamp.com\/de\/wp-content\/uploads\/sites\/2\/Huiskamp_Fabriek_10.jpg\" class=\"attachment-full size-full\" alt=\"\" srcset=\"https:\/\/huiskamp.com\/de\/wp-content\/uploads\/sites\/2\/Huiskamp_Fabriek_10.jpg 536w, https:\/\/huiskamp.com\/de\/wp-content\/uploads\/sites\/2\/Huiskamp_Fabriek_10-200x300.jpg 200w, https:\/\/huiskamp.com\/de\/wp-content\/uploads\/sites\/2\/Huiskamp_Fabriek_10-267x400.jpg 267w, https:\/\/huiskamp.com\/de\/wp-content\/uploads\/sites\/2\/Huiskamp_Fabriek_10-250x375.jpg 250w, https:\/\/huiskamp.com\/de\/wp-content\/uploads\/sites\/2\/Huiskamp_Fabriek_10-120x180.jpg 120w, https:\/\/huiskamp.com\/de\/wp-content\/uploads\/sites\/2\/Huiskamp_Fabriek_10-333x500.jpg 333w\" sizes=\"auto, (max-width: 536px) 100vw, 536px\" \/><\/a>\n\t\t\t<\/dt><\/dl><dl class='gallery-item'>\n\t\t\t<dt class='gallery-icon landscape'>\n\t\t\t\t<a href='https:\/\/huiskamp.com\/de\/huiskamp_fabriek_11\/'><img loading=\"lazy\" decoding=\"async\" width=\"536\" height=\"357\" src=\"https:\/\/huiskamp.com\/de\/wp-content\/uploads\/sites\/2\/Huiskamp_Fabriek_11.jpg\" class=\"attachment-full size-full\" alt=\"\" srcset=\"https:\/\/huiskamp.com\/de\/wp-content\/uploads\/sites\/2\/Huiskamp_Fabriek_11.jpg 536w, https:\/\/huiskamp.com\/de\/wp-content\/uploads\/sites\/2\/Huiskamp_Fabriek_11-300x200.jpg 300w, https:\/\/huiskamp.com\/de\/wp-content\/uploads\/sites\/2\/Huiskamp_Fabriek_11-250x167.jpg 250w, https:\/\/huiskamp.com\/de\/wp-content\/uploads\/sites\/2\/Huiskamp_Fabriek_11-270x180.jpg 270w, https:\/\/huiskamp.com\/de\/wp-content\/uploads\/sites\/2\/Huiskamp_Fabriek_11-450x300.jpg 450w\" sizes=\"auto, (max-width: 536px) 100vw, 536px\" \/><\/a>\n\t\t\t<\/dt><\/dl><br style=\"clear: both\" \/><dl class='gallery-item'>\n\t\t\t<dt class='gallery-icon landscape'>\n\t\t\t\t<a href='https:\/\/huiskamp.com\/de\/huiskamp_fabriek_12\/'><img loading=\"lazy\" decoding=\"async\" width=\"536\" height=\"357\" src=\"https:\/\/huiskamp.com\/de\/wp-content\/uploads\/sites\/2\/Huiskamp_Fabriek_12.jpg\" class=\"attachment-full size-full\" alt=\"\" srcset=\"https:\/\/huiskamp.com\/de\/wp-content\/uploads\/sites\/2\/Huiskamp_Fabriek_12.jpg 536w, https:\/\/huiskamp.com\/de\/wp-content\/uploads\/sites\/2\/Huiskamp_Fabriek_12-300x200.jpg 300w, https:\/\/huiskamp.com\/de\/wp-content\/uploads\/sites\/2\/Huiskamp_Fabriek_12-250x167.jpg 250w, https:\/\/huiskamp.com\/de\/wp-content\/uploads\/sites\/2\/Huiskamp_Fabriek_12-270x180.jpg 270w, https:\/\/huiskamp.com\/de\/wp-content\/uploads\/sites\/2\/Huiskamp_Fabriek_12-450x300.jpg 450w\" sizes=\"auto, (max-width: 536px) 100vw, 536px\" \/><\/a>\n\t\t\t<\/dt><\/dl>\n\t\t\t<br style='clear: both' \/>\n\t\t<\/div>\n\n<p>&nbsp;<\/p>\n","protected":false},"excerpt":{"rendered":"<p>In der modernen Manufaktur von Huiskamp sind heutzutage ungef\u00e4hr 30 erfahrene Fachleute und einige begeisterte Lehrlinge besch\u00e4ftigt. Die spezialisierten Entwerfer, Metall-Facharbeiter, Schlosser, Polsterer, Lackierer und Monteure besch\u00e4ftigen sich t\u00e4glich mit dem Bau, der Renovierung, der Optimierung, dem Import und der <a class=\"more-link\" href=\"https:\/\/huiskamp.com\/de\/huiskamp\/der-betrieb\/\">Read More &#8230;<\/a><\/p>\n","protected":false},"author":1,"featured_media":807,"parent":345,"menu_order":2,"comment_status":"closed","ping_status":"closed","template":"","meta":{"footnotes":""},"class_list":["post-349","page","type-page","status-publish","has-post-thumbnail","hentry"],"_links":{"self":[{"href":"https:\/\/huiskamp.com\/de\/wp-json\/wp\/v2\/pages\/349","targetHints":{"allow":["GET"]}}],"collection":[{"href":"https:\/\/huiskamp.com\/de\/wp-json\/wp\/v2\/pages"}],"about":[{"href":"https:\/\/huiskamp.com\/de\/wp-json\/wp\/v2\/types\/page"}],"author":[{"embeddable":true,"href":"https:\/\/huiskamp.com\/de\/wp-json\/wp\/v2\/users\/1"}],"replies":[{"embeddable":true,"href":"https:\/\/huiskamp.com\/de\/wp-json\/wp\/v2\/comments?post=349"}],"version-history":[{"count":4,"href":"https:\/\/huiskamp.com\/de\/wp-json\/wp\/v2\/pages\/349\/revisions"}],"predecessor-version":[{"id":1578,"href":"https:\/\/huiskamp.com\/de\/wp-json\/wp\/v2\/pages\/349\/revisions\/1578"}],"up":[{"embeddable":true,"href":"https:\/\/huiskamp.com\/de\/wp-json\/wp\/v2\/pages\/345"}],"wp:featuredmedia":[{"embeddable":true,"href":"https:\/\/huiskamp.com\/de\/wp-json\/wp\/v2\/media\/807"}],"wp:attachment":[{"href":"https:\/\/huiskamp.com\/de\/wp-json\/wp\/v2\/media?parent=349"}],"curies":[{"name":"wp","href":"https:\/\/api.w.org\/{rel}","templated":true}]}}