{"id":352,"date":"2015-10-01T10:14:31","date_gmt":"2015-09-29T09:08:16","guid":{"rendered":"http:\/\/huiskamp.projects.netcreators.nl\/?page_id=352"},"modified":"2016-07-10T23:06:27","modified_gmt":"2016-07-10T22:06:27","slug":"geschichte","status":"publish","type":"page","link":"https:\/\/huiskamp.com\/de\/huiskamp\/geschichte\/","title":{"rendered":"Geschichte"},"content":{"rendered":"<div class=\"csc-header csc-header-n8\">\n<div id=\"c556\" class=\"csc-default\">\n<div class=\"csc-header csc-header-n1\">\n<h2 class=\"csc-firstHeader\">So viel hat sich ge\u00e4ndert, so viel nicht<\/h2>\n<\/div>\n<p class=\"bodytext\">Seit 1913 ist das traditionelle Handwerk bei Huiskamp der Ma\u00dfstab f\u00fcr unsere Arbeit. War es anf\u00e4nglich die Bestattungskutsche, so ist daraus das Bestattungsfahrzeug geworden. Das Gewerbe hat sich ver\u00e4ndert \u2013 nicht aber unser Blick f\u00fcr herausragende Qualit\u00e4t. Nachfolgend finden Sie eine kurze Umschreibung unserer Geschichte.<\/p>\n<h2 class=\"p1\"><\/h2>\n<h2 class=\"p1\">Huiskamp jubileumfilm<\/h2>\n<p class=\"p1\">Schauen Sie sich hier unseren Jubil\u00e4umsfilm bei Youtube an.<br \/>\n<iframe loading=\"lazy\" src=\"https:\/\/www.youtube.com\/embed\/MAAoT3hi7Jk\" width=\"420\" height=\"315\" frameborder=\"0\" allowfullscreen=\"allowfullscreen\"><\/iframe><\/p>\n<h2 class=\"bodytext\"><\/h2>\n<h2 class=\"bodytext\">Seit 1913<\/h2>\n<\/div>\n<p>Die Fahrzeug- und Kutschenfabrik wurde im Jahre 1913 von G.B. Huiskamp gegr\u00fcndet. Das Unternehmen aus Winterswijk stellte Kutschen her f\u00fcr verschiedene Verwendungszwecke: feine\u00a0Kutschen f\u00fcr die Elite, sondern auch Kutschen f\u00fcr den \u00f6rtlichen B\u00e4cker. Ein Unternehmen aus Zelhem hat Huiskamp damals mit dem Bau einer Bestattungskutsche beauftragt. Diese Kutsche wurde in der Bestattungsbranche\u00a0sehr gut aufgenommen, und Huiskamp bekam danach mehrere Auftr\u00e4ge\u00a0f\u00fcr Bestattungskutschen.\u00a0Ab jenem Moment hat Huiskamp sich auf den Bau von Bestattungsfahrzeugen spezialisiert. Heutzutage werden bei\u00a0Huiskamp noch immer Bestattungsfahrzeugen hergestellt, aber nat\u00fcrlich ist die Bestattungskutsche vom Bestattungswagen ersetzt worden und hat sich auch das Gewerbe ver\u00e4ndert.<\/p>\n<h2 class=\"bodytext\"><\/h2>\n<h2 class=\"bodytext\">Meilensteine 1985 &#8211; 2000<\/h2>\n<\/div>\n<p class=\"csc-header csc-header-n8\">Im Jahre 1985 haben Willie Bruntink und Hans Legters mit ihren Ehefrauen die Firma im Zentrum von Winterswijk \u00fcbernommen. In 2000 wurde der Neubau im Gewerbegebiet von Winterswijk bezogen. In diesem modernen Werkstatt besch\u00e4ftigen sich zirka 30\u00a0Entwerfer, Metall-Facharbeiter, Schlosser, Polsterer, Lackierer und Monteure mit der Entwicklung von stilvollen Bestattungsfahrzeugen.<\/p>\n<h2 class=\"bodytext\"><\/h2>\n<h2 class=\"bodytext\">Huiskamp heute<\/h2>\n<p class=\"bodytext\"><span lang=\"DE\">In der modernen Manufaktur von Huiskamp sind heutzutage ungef\u00e4hr 30 erfahrene Fachleute und einige begeisterte Lehrlinge besch\u00e4ftigt. Die spezialisierten Entwerfer, Metall-Facharbeiter, Schlosser, Polsterer, Lackierer und Monteure besch\u00e4ftigen sich t\u00e4glich mit dem Bau, der Renovierung, der Optimierung, dem Import und der Wartung von Bestattungsfahrzeugen.<\/span><\/p>\n","protected":false},"excerpt":{"rendered":"<p>So viel hat sich ge\u00e4ndert, so viel nicht Seit 1913 ist das traditionelle Handwerk bei Huiskamp der Ma\u00dfstab f\u00fcr unsere Arbeit. War es anf\u00e4nglich die Bestattungskutsche, so ist daraus das Bestattungsfahrzeug geworden. Das Gewerbe hat sich ver\u00e4ndert \u2013 nicht aber <a class=\"more-link\" href=\"https:\/\/huiskamp.com\/de\/huiskamp\/geschichte\/\">Read More &#8230;<\/a><\/p>\n","protected":false},"author":1,"featured_media":809,"parent":345,"menu_order":3,"comment_status":"closed","ping_status":"closed","template":"","meta":{"footnotes":""},"class_list":["post-352","page","type-page","status-publish","has-post-thumbnail","hentry"],"_links":{"self":[{"href":"https:\/\/huiskamp.com\/de\/wp-json\/wp\/v2\/pages\/352","targetHints":{"allow":["GET"]}}],"collection":[{"href":"https:\/\/huiskamp.com\/de\/wp-json\/wp\/v2\/pages"}],"about":[{"href":"https:\/\/huiskamp.com\/de\/wp-json\/wp\/v2\/types\/page"}],"author":[{"embeddable":true,"href":"https:\/\/huiskamp.com\/de\/wp-json\/wp\/v2\/users\/1"}],"replies":[{"embeddable":true,"href":"https:\/\/huiskamp.com\/de\/wp-json\/wp\/v2\/comments?post=352"}],"version-history":[{"count":8,"href":"https:\/\/huiskamp.com\/de\/wp-json\/wp\/v2\/pages\/352\/revisions"}],"predecessor-version":[{"id":1591,"href":"https:\/\/huiskamp.com\/de\/wp-json\/wp\/v2\/pages\/352\/revisions\/1591"}],"up":[{"embeddable":true,"href":"https:\/\/huiskamp.com\/de\/wp-json\/wp\/v2\/pages\/345"}],"wp:featuredmedia":[{"embeddable":true,"href":"https:\/\/huiskamp.com\/de\/wp-json\/wp\/v2\/media\/809"}],"wp:attachment":[{"href":"https:\/\/huiskamp.com\/de\/wp-json\/wp\/v2\/media?parent=352"}],"curies":[{"name":"wp","href":"https:\/\/api.w.org\/{rel}","templated":true}]}}