{"id":354,"date":"2015-10-01T10:15:08","date_gmt":"2015-09-29T09:08:29","guid":{"rendered":"http:\/\/huiskamp.projects.netcreators.nl\/?page_id=354"},"modified":"2016-07-08T01:38:17","modified_gmt":"2016-07-08T00:38:17","slug":"partner","status":"publish","type":"page","link":"https:\/\/huiskamp.com\/de\/huiskamp\/partner\/","title":{"rendered":"Partner"},"content":{"rendered":"<div id=\"c87\" class=\"csc-default\">\n<div class=\"csc-header csc-header-n4\">\n<h2>Huiskamp USA &#8211; Cars<\/h2>\n<\/div>\n<div class=\"csc-textpic csc-textpic-intext-right csc-textpic-border\">\n<div class=\"csc-textpic-imagewrap\"><\/div>\n<div class=\"csc-textpic-text\">\n<p class=\"bodytext\">Huiskamp\u00a0Carrosseriefabriek\u00a0bietet ein ausgebreitete After_Sales Service f\u00fcr Amerikanischen Bestattungsfahrzeugen. Das Team der Abteilung hat sich spezialisiert in Amerikanischen Fahrzeugen und auch der Materialen sind abgestimmt zu der Eigenschaften von Amerikanischen Fahrzeugen.<\/p>\n<p class=\"bodytext\">Neben Reparation und Verwaltung von Amerikanischen Bestattungsfahrzeugen, ist das Team auch zust\u00e4ndig f\u00fcr Amerikanischen Personenwagen.<\/p>\n<p class=\"bodytext\"><a class=\"external-link-new-window\" title=\"Opens external link in new window\" href=\"http:\/\/www.huiskamp-usa-cars.com\/\" target=\"_blank\">zu\u00a0der website &gt;&gt;<\/a><\/p>\n<p class=\"bodytext\">___________________________________________________________________<\/p>\n<\/div>\n<\/div>\n<\/div>\n<div id=\"c564\" class=\"csc-default\">\n<div class=\"csc-header csc-header-n5\">\n<h2>Snoeck-Huiskamp Autoschaden<\/h2>\n<\/div>\n<div class=\"csc-textpic csc-textpic-intext-right csc-textpic-border\">\n<div class=\"csc-textpic-imagewrap\"><\/div>\n<div class=\"csc-textpic-text\">\n<p class=\"bodytext\">Snoeck &#8211; Huiskamp Autoschaden, Partner von Huiskamp Carrosseriefabriek, ist ein moderneres, v\u00f6llig\u00a0ausger\u00fcstete Schadenhersteller fur Personenwagen, integriert im Vertrieb von\u00a0Huiskamp Carrosseriefabriek.<\/p>\n<p class=\"bodytext\"><a href=\"http:\/\/www.snoeckhuiskamp.nl\/\" target=\"_blank\">zu der Website &gt;&gt;<\/a><\/p>\n<p class=\"bodytext\">___________________________________________________________________<\/p>\n<\/div>\n<\/div>\n<h2 class=\"csc-textpic-clear\">\u00a0Platinum Funeral Coach<\/h2>\n<\/div>\n<div id=\"c1930\" class=\"csc-default\">\n<div class=\"csc-textpic csc-textpic-intext-right csc-textpic-border\">\n<div class=\"csc-textpic-imagewrap\"><\/div>\n<div class=\"csc-textpic-text\">\n<p class=\"bodytext\">Platinum Funeral Coach ist ein der Amerikanischen Verarbeiter von Cadillac Bestattungsfahrzeugen. Huiskamp Carrosseriefabriek ist autorisierter Platinum Dealer.<\/p>\n<p class=\"bodytext\"><a class=\"external-link-new-window\" title=\"\u00d6ffnet externen Link in neuem Fenster\" href=\"http:\/\/www.platinumfuneralcoach.com\/index.html\" target=\"_blank\">zu der Website &gt;&gt;<\/a><\/p>\n<p class=\"bodytext\">___________________________________________________________________<\/p>\n<\/div>\n<\/div>\n<div class=\"csc-textpic-clear\"><\/div>\n<\/div>\n<div id=\"c112\" class=\"csc-default\">\n<div class=\"csc-header csc-header-n8\">\n<h2>Eagle Coach Company<\/h2>\n<\/div>\n<div class=\"csc-textpic csc-textpic-intext-right csc-textpic-border\">\n<div class=\"csc-textpic-imagewrap\"><\/div>\n<div class=\"csc-textpic-text\">\n<p class=\"bodytext\">Eagle Coach Company ist ein der Amerikanischen Verarbeiter von Lincoln Bestattungsfahrzeugen und Cadillac Bestattungsfahrzeugen. Huiskamp Carrosseriefabriek ist autorisierter Eagle Dealer in der Niederlanden.<\/p>\n<p class=\"bodytext\"><a href=\"http:\/\/www.eaglecoachcompany.com\/\" target=\"_blank\">zu der Website &gt;&gt;<\/a><\/p>\n<p class=\"bodytext\">___________________________________________________________________<\/p>\n<\/div>\n<\/div>\n<div class=\"csc-textpic-clear\"><\/div>\n<\/div>\n<div id=\"c1751\" class=\"csc-default\">\n<div class=\"csc-header csc-header-n9\">\n<h2>Karm\u00f8y Bilsenter AS<\/h2>\n<\/div>\n<div class=\"csc-textpic csc-textpic-intext-right csc-textpic-border\">\n<div class=\"csc-textpic-imagewrap\"><\/div>\n<div class=\"csc-textpic-text\">\n<p class=\"bodytext\"><span lang=\"DE\">Ab 2011 entwickeln wir unsere Mercedes Huiskamp Bestattungsfahrzeuge auch f<\/span><span lang=\"DE\">\u00fcr den norwegischen Markt. Der Partner f\u00fcr unsere norwegischen Gesch\u00e4ftsverbindungen ist die Firma\u00a0<\/span><span lang=\"DE\">Karm\u00f8y Bilsenter in Karm\u00f8y. Die Kontaktdaten dieses neuen Huiskamp Partners sind wie folgt:<\/span><\/p>\n<p class=\"bodytext\"><b>Karmoy Bilsenter AS<br \/>\n<\/b>Herr Jan Erik Naley<br \/>\n<span lang=\"DE\">Veakrossen<br \/>\n<\/span><span lang=\"DE\">N 4276 Karmoy<br \/>\n<\/span><span lang=\"DE\">Tel.:\u00a0\u00a0 0047 &#8211; 95 10 26 00<br \/>\n<\/span><span lang=\"DE\">Fax:\u00a0\u00a0\u00a00047 &#8211; 52 82 49 09<br \/>\n<\/span><span lang=\"DE\">Email:\u00a0<\/span><a title=\"mailto:janerik@naley.no\" href=\"mailto:janerik@naley.no\"><span lang=\"DE\" title=\"mailto:janerik@naley.no\">janerik@naley.no<\/span><\/a><span lang=\"DE\"><br \/>\nWebsite:\u00a0<\/span><a title=\"http:\/\/www.karmoybilsenter.no\/\" href=\"http:\/\/www.karmoybilsenter.no\/\" target=\"_blank\"><span lang=\"DE\" title=\"http:\/\/www.karmoybilsenter.no\/\">www.karmoybilsenter.no<\/span><\/a><\/p>\n<p class=\"bodytext\"><a title=\"http:\/\/karmoybilsenter.no\/begravelsesbil Opens external link in new window\" href=\"http:\/\/karmoybilsenter.no\/begravelsesbil\" target=\"_blank\">zur Website &gt;&gt;<\/a><\/p>\n<p class=\"bodytext\">___________________________________________________________________<\/p>\n<\/div>\n<\/div>\n<div class=\"csc-textpic-clear\"><\/div>\n<\/div>\n<div id=\"c944\" class=\"csc-default\">\n<div class=\"csc-header csc-header-n10\">\n<h2>Nilsson Special Vehicles<\/h2>\n<\/div>\n<div class=\"csc-textpic csc-textpic-intext-right csc-textpic-border\">\n<div class=\"csc-textpic-imagewrap\"><\/div>\n<div class=\"csc-textpic-text\">\n<p class=\"bodytext\"><span lang=\"DE\">Seit 2009 ist Huiskamp Carrosseriefabriek der Holl\u00e4ndischen Vertreter der Schwedischen Bestattungswagenhersteller Nilsson Special Vehicles. Dieser Karoseriefabrik ist spezialisiert in der Schwedischen Volvo. Nilsson liefert Huiskamp das v\u00f6llig ausgebautem Chassis. Nachfolgend wird der Wagen in Winterswijk ausgestattet nachfolgend der einzigartigen W\u00fcnschen der Holl\u00e4ndischen Bestattungsunternehmen.\u00a0<\/span><\/p>\n<p class=\"bodytext\"><a class=\"external-link-new-window\" title=\"Opens external link in new window\" href=\"http:\/\/www.nilsson.se\/en\/the-cars\/nilsson-hearse\/overview\/\" target=\"_blank\">zu der Website &gt;&gt;<\/a><\/p>\n<p class=\"bodytext\">___________________________________________________________________<\/p>\n<\/div>\n<\/div>\n<div class=\"csc-textpic-clear\"><\/div>\n<\/div>\n<div id=\"c1487\" class=\"csc-default\">\n<div class=\"csc-header csc-header-n11\">\n<h2>Rehda Carosse<\/h2>\n<\/div>\n<div class=\"csc-textpic csc-textpic-intext-right csc-textpic-border\">\n<div class=\"csc-textpic-imagewrap\"><\/div>\n<div class=\"csc-textpic-text\">\n<p class=\"bodytext\"><a class=\"external-link-new-window\" title=\"Opens external link in new window\" href=\"http:\/\/www.rehda-carosse.de\/neuwagen\/mercedes-benz\/e-klasse.html\" target=\"_blank\">zu der Website &gt;&gt;<\/a><\/p>\n<p class=\"bodytext\">__________________________________________________________________<\/p>\n<\/div>\n<\/div>\n<h2 class=\"csc-textpic-clear\"><\/h2>\n<\/div>\n<div id=\"c120\" class=\"csc-default\"><\/div>\n","protected":false},"excerpt":{"rendered":"<p>Huiskamp USA &#8211; Cars Huiskamp\u00a0Carrosseriefabriek\u00a0bietet ein ausgebreitete After_Sales Service f\u00fcr Amerikanischen Bestattungsfahrzeugen. Das Team der Abteilung hat sich spezialisiert in Amerikanischen Fahrzeugen und auch der Materialen sind abgestimmt zu der Eigenschaften von Amerikanischen Fahrzeugen. Neben Reparation und Verwaltung von Amerikanischen <a class=\"more-link\" href=\"https:\/\/huiskamp.com\/de\/huiskamp\/partner\/\">Read More &#8230;<\/a><\/p>\n","protected":false},"author":1,"featured_media":810,"parent":345,"menu_order":4,"comment_status":"closed","ping_status":"closed","template":"","meta":{"footnotes":""},"class_list":["post-354","page","type-page","status-publish","has-post-thumbnail","hentry"],"_links":{"self":[{"href":"https:\/\/huiskamp.com\/de\/wp-json\/wp\/v2\/pages\/354","targetHints":{"allow":["GET"]}}],"collection":[{"href":"https:\/\/huiskamp.com\/de\/wp-json\/wp\/v2\/pages"}],"about":[{"href":"https:\/\/huiskamp.com\/de\/wp-json\/wp\/v2\/types\/page"}],"author":[{"embeddable":true,"href":"https:\/\/huiskamp.com\/de\/wp-json\/wp\/v2\/users\/1"}],"replies":[{"embeddable":true,"href":"https:\/\/huiskamp.com\/de\/wp-json\/wp\/v2\/comments?post=354"}],"version-history":[{"count":5,"href":"https:\/\/huiskamp.com\/de\/wp-json\/wp\/v2\/pages\/354\/revisions"}],"predecessor-version":[{"id":1488,"href":"https:\/\/huiskamp.com\/de\/wp-json\/wp\/v2\/pages\/354\/revisions\/1488"}],"up":[{"embeddable":true,"href":"https:\/\/huiskamp.com\/de\/wp-json\/wp\/v2\/pages\/345"}],"wp:featuredmedia":[{"embeddable":true,"href":"https:\/\/huiskamp.com\/de\/wp-json\/wp\/v2\/media\/810"}],"wp:attachment":[{"href":"https:\/\/huiskamp.com\/de\/wp-json\/wp\/v2\/media?parent=354"}],"curies":[{"name":"wp","href":"https:\/\/api.w.org\/{rel}","templated":true}]}}