{"id":435,"date":"2015-10-01T11:05:36","date_gmt":"2015-10-01T10:05:36","guid":{"rendered":"http:\/\/huiskamp.projects.netcreators.nl\/?page_id=435"},"modified":"2016-07-08T01:22:22","modified_gmt":"2016-07-08T00:22:22","slug":"renault-opel","status":"publish","type":"page","link":"https:\/\/huiskamp.com\/de\/bestattungsfahrzeuge\/renault-opel\/","title":{"rendered":"Renault und Opel"},"content":{"rendered":"<div class=\"csc-header csc-header-n1\">\n<h2 class=\"csc-firstHeader\">Renault und Opel Bestattungsfahrzeuge<\/h2>\n<\/div>\n<p class=\"bodytext\"><span lang=\"DE\">Die Bestattungsfahrzeuge von Renault und Opel sind bekannt wegen Raum und Komfort. Ein ger\u00e4umiger Sargraum mit vielen Staum\u00f6glichkeiten und komfortabeler Fahrerraum sind Eigenschaften die Sie bestimmt bevorzugen in dem Bestattungswagen f\u00fcr Ihre Firma. Au\u00dferdem strahlen die Bestattungsfahrzeuge Eleganz aus, die einen w\u00fcrdevollen Abschied garantiert.<\/span><\/p>\n\n\t\t<style type=\"text\/css\">\n\t\t\t#gallery-1 {\n\t\t\t\tmargin: auto;\n\t\t\t}\n\t\t\t#gallery-1 .gallery-item {\n\t\t\t\tfloat: left;\n\t\t\t\tmargin-top: 10px;\n\t\t\t\ttext-align: center;\n\t\t\t\twidth: 33%;\n\t\t\t}\n\t\t\t#gallery-1 img {\n\t\t\t\tborder: 2px solid #cfcfcf;\n\t\t\t}\n\t\t\t#gallery-1 .gallery-caption {\n\t\t\t\tmargin-left: 0;\n\t\t\t}\n\t\t\t\/* see gallery_shortcode() in wp-includes\/media.php *\/\n\t\t<\/style>\n\t\t<div id='gallery-1' class='gallery galleryid-435 gallery-columns-3 gallery-size-full'><dl class='gallery-item'>\n\t\t\t<dt class='gallery-icon landscape'>\n\t\t\t\t<a href='https:\/\/huiskamp.com\/de\/renault_rouwtransportautos_huiskamp_01\/'><img loading=\"lazy\" decoding=\"async\" width=\"536\" height=\"402\" src=\"https:\/\/huiskamp.com\/de\/wp-content\/uploads\/sites\/2\/Renault_rouwtransportautos_Huiskamp_01.jpg\" class=\"attachment-full size-full\" alt=\"\" srcset=\"https:\/\/huiskamp.com\/de\/wp-content\/uploads\/sites\/2\/Renault_rouwtransportautos_Huiskamp_01.jpg 536w, https:\/\/huiskamp.com\/de\/wp-content\/uploads\/sites\/2\/Renault_rouwtransportautos_Huiskamp_01-300x225.jpg 300w, https:\/\/huiskamp.com\/de\/wp-content\/uploads\/sites\/2\/Renault_rouwtransportautos_Huiskamp_01-533x400.jpg 533w, https:\/\/huiskamp.com\/de\/wp-content\/uploads\/sites\/2\/Renault_rouwtransportautos_Huiskamp_01-250x188.jpg 250w, https:\/\/huiskamp.com\/de\/wp-content\/uploads\/sites\/2\/Renault_rouwtransportautos_Huiskamp_01-240x180.jpg 240w, https:\/\/huiskamp.com\/de\/wp-content\/uploads\/sites\/2\/Renault_rouwtransportautos_Huiskamp_01-400x300.jpg 400w\" sizes=\"auto, (max-width: 536px) 100vw, 536px\" \/><\/a>\n\t\t\t<\/dt><\/dl><dl class='gallery-item'>\n\t\t\t<dt class='gallery-icon landscape'>\n\t\t\t\t<a href='https:\/\/huiskamp.com\/de\/renault_rouwtransportautos_huiskamp_02\/'><img loading=\"lazy\" decoding=\"async\" width=\"536\" height=\"402\" src=\"https:\/\/huiskamp.com\/de\/wp-content\/uploads\/sites\/2\/Renault_rouwtransportautos_Huiskamp_02.jpg\" class=\"attachment-full size-full\" alt=\"\" srcset=\"https:\/\/huiskamp.com\/de\/wp-content\/uploads\/sites\/2\/Renault_rouwtransportautos_Huiskamp_02.jpg 536w, https:\/\/huiskamp.com\/de\/wp-content\/uploads\/sites\/2\/Renault_rouwtransportautos_Huiskamp_02-300x225.jpg 300w, https:\/\/huiskamp.com\/de\/wp-content\/uploads\/sites\/2\/Renault_rouwtransportautos_Huiskamp_02-533x400.jpg 533w, https:\/\/huiskamp.com\/de\/wp-content\/uploads\/sites\/2\/Renault_rouwtransportautos_Huiskamp_02-250x188.jpg 250w, https:\/\/huiskamp.com\/de\/wp-content\/uploads\/sites\/2\/Renault_rouwtransportautos_Huiskamp_02-240x180.jpg 240w, https:\/\/huiskamp.com\/de\/wp-content\/uploads\/sites\/2\/Renault_rouwtransportautos_Huiskamp_02-400x300.jpg 400w\" sizes=\"auto, (max-width: 536px) 100vw, 536px\" \/><\/a>\n\t\t\t<\/dt><\/dl><dl class='gallery-item'>\n\t\t\t<dt class='gallery-icon landscape'>\n\t\t\t\t<a href='https:\/\/huiskamp.com\/de\/renault_rouwtransportautos_huiskamp_04\/'><img loading=\"lazy\" decoding=\"async\" width=\"536\" height=\"402\" src=\"https:\/\/huiskamp.com\/de\/wp-content\/uploads\/sites\/2\/Renault_rouwtransportautos_Huiskamp_04.jpg\" class=\"attachment-full size-full\" alt=\"\" srcset=\"https:\/\/huiskamp.com\/de\/wp-content\/uploads\/sites\/2\/Renault_rouwtransportautos_Huiskamp_04.jpg 536w, https:\/\/huiskamp.com\/de\/wp-content\/uploads\/sites\/2\/Renault_rouwtransportautos_Huiskamp_04-300x225.jpg 300w, https:\/\/huiskamp.com\/de\/wp-content\/uploads\/sites\/2\/Renault_rouwtransportautos_Huiskamp_04-533x400.jpg 533w, https:\/\/huiskamp.com\/de\/wp-content\/uploads\/sites\/2\/Renault_rouwtransportautos_Huiskamp_04-250x188.jpg 250w, https:\/\/huiskamp.com\/de\/wp-content\/uploads\/sites\/2\/Renault_rouwtransportautos_Huiskamp_04-240x180.jpg 240w, https:\/\/huiskamp.com\/de\/wp-content\/uploads\/sites\/2\/Renault_rouwtransportautos_Huiskamp_04-400x300.jpg 400w\" sizes=\"auto, (max-width: 536px) 100vw, 536px\" \/><\/a>\n\t\t\t<\/dt><\/dl><br style=\"clear: both\" \/><dl class='gallery-item'>\n\t\t\t<dt class='gallery-icon landscape'>\n\t\t\t\t<a href='https:\/\/huiskamp.com\/de\/renault_rouwtransportautos_huiskamp_03\/'><img loading=\"lazy\" decoding=\"async\" width=\"536\" height=\"402\" src=\"https:\/\/huiskamp.com\/de\/wp-content\/uploads\/sites\/2\/Renault_rouwtransportautos_Huiskamp_03.jpg\" class=\"attachment-full size-full\" alt=\"\" srcset=\"https:\/\/huiskamp.com\/de\/wp-content\/uploads\/sites\/2\/Renault_rouwtransportautos_Huiskamp_03.jpg 536w, https:\/\/huiskamp.com\/de\/wp-content\/uploads\/sites\/2\/Renault_rouwtransportautos_Huiskamp_03-300x225.jpg 300w, https:\/\/huiskamp.com\/de\/wp-content\/uploads\/sites\/2\/Renault_rouwtransportautos_Huiskamp_03-533x400.jpg 533w, https:\/\/huiskamp.com\/de\/wp-content\/uploads\/sites\/2\/Renault_rouwtransportautos_Huiskamp_03-250x188.jpg 250w, https:\/\/huiskamp.com\/de\/wp-content\/uploads\/sites\/2\/Renault_rouwtransportautos_Huiskamp_03-240x180.jpg 240w, https:\/\/huiskamp.com\/de\/wp-content\/uploads\/sites\/2\/Renault_rouwtransportautos_Huiskamp_03-400x300.jpg 400w\" sizes=\"auto, (max-width: 536px) 100vw, 536px\" \/><\/a>\n\t\t\t<\/dt><\/dl><dl class='gallery-item'>\n\t\t\t<dt class='gallery-icon landscape'>\n\t\t\t\t<a href='https:\/\/huiskamp.com\/de\/renault_rouwtransportautos_huiskamp_10\/'><img loading=\"lazy\" decoding=\"async\" width=\"536\" height=\"402\" src=\"https:\/\/huiskamp.com\/de\/wp-content\/uploads\/sites\/2\/Renault_rouwtransportautos_Huiskamp_10.jpg\" class=\"attachment-full size-full\" alt=\"\" srcset=\"https:\/\/huiskamp.com\/de\/wp-content\/uploads\/sites\/2\/Renault_rouwtransportautos_Huiskamp_10.jpg 536w, https:\/\/huiskamp.com\/de\/wp-content\/uploads\/sites\/2\/Renault_rouwtransportautos_Huiskamp_10-300x225.jpg 300w, https:\/\/huiskamp.com\/de\/wp-content\/uploads\/sites\/2\/Renault_rouwtransportautos_Huiskamp_10-533x400.jpg 533w, https:\/\/huiskamp.com\/de\/wp-content\/uploads\/sites\/2\/Renault_rouwtransportautos_Huiskamp_10-250x188.jpg 250w, https:\/\/huiskamp.com\/de\/wp-content\/uploads\/sites\/2\/Renault_rouwtransportautos_Huiskamp_10-240x180.jpg 240w, https:\/\/huiskamp.com\/de\/wp-content\/uploads\/sites\/2\/Renault_rouwtransportautos_Huiskamp_10-400x300.jpg 400w\" sizes=\"auto, (max-width: 536px) 100vw, 536px\" \/><\/a>\n\t\t\t<\/dt><\/dl><dl class='gallery-item'>\n\t\t\t<dt class='gallery-icon landscape'>\n\t\t\t\t<a href='https:\/\/huiskamp.com\/de\/renault_rouwtransportautos_huiskamp_11\/'><img loading=\"lazy\" decoding=\"async\" width=\"536\" height=\"402\" src=\"https:\/\/huiskamp.com\/de\/wp-content\/uploads\/sites\/2\/Renault_rouwtransportautos_Huiskamp_11.jpg\" class=\"attachment-full size-full\" alt=\"\" srcset=\"https:\/\/huiskamp.com\/de\/wp-content\/uploads\/sites\/2\/Renault_rouwtransportautos_Huiskamp_11.jpg 536w, https:\/\/huiskamp.com\/de\/wp-content\/uploads\/sites\/2\/Renault_rouwtransportautos_Huiskamp_11-300x225.jpg 300w, https:\/\/huiskamp.com\/de\/wp-content\/uploads\/sites\/2\/Renault_rouwtransportautos_Huiskamp_11-533x400.jpg 533w, https:\/\/huiskamp.com\/de\/wp-content\/uploads\/sites\/2\/Renault_rouwtransportautos_Huiskamp_11-250x188.jpg 250w, https:\/\/huiskamp.com\/de\/wp-content\/uploads\/sites\/2\/Renault_rouwtransportautos_Huiskamp_11-240x180.jpg 240w, https:\/\/huiskamp.com\/de\/wp-content\/uploads\/sites\/2\/Renault_rouwtransportautos_Huiskamp_11-400x300.jpg 400w\" sizes=\"auto, (max-width: 536px) 100vw, 536px\" \/><\/a>\n\t\t\t<\/dt><\/dl><br style=\"clear: both\" \/><dl class='gallery-item'>\n\t\t\t<dt class='gallery-icon landscape'>\n\t\t\t\t<a href='https:\/\/huiskamp.com\/de\/renault_rouwtransportautos_huiskamp_12\/'><img loading=\"lazy\" decoding=\"async\" width=\"536\" height=\"402\" src=\"https:\/\/huiskamp.com\/de\/wp-content\/uploads\/sites\/2\/Renault_rouwtransportautos_Huiskamp_12.jpg\" class=\"attachment-full size-full\" alt=\"\" srcset=\"https:\/\/huiskamp.com\/de\/wp-content\/uploads\/sites\/2\/Renault_rouwtransportautos_Huiskamp_12.jpg 536w, https:\/\/huiskamp.com\/de\/wp-content\/uploads\/sites\/2\/Renault_rouwtransportautos_Huiskamp_12-300x225.jpg 300w, https:\/\/huiskamp.com\/de\/wp-content\/uploads\/sites\/2\/Renault_rouwtransportautos_Huiskamp_12-533x400.jpg 533w, https:\/\/huiskamp.com\/de\/wp-content\/uploads\/sites\/2\/Renault_rouwtransportautos_Huiskamp_12-250x188.jpg 250w, https:\/\/huiskamp.com\/de\/wp-content\/uploads\/sites\/2\/Renault_rouwtransportautos_Huiskamp_12-240x180.jpg 240w, https:\/\/huiskamp.com\/de\/wp-content\/uploads\/sites\/2\/Renault_rouwtransportautos_Huiskamp_12-400x300.jpg 400w\" sizes=\"auto, (max-width: 536px) 100vw, 536px\" \/><\/a>\n\t\t\t<\/dt><\/dl><dl class='gallery-item'>\n\t\t\t<dt class='gallery-icon landscape'>\n\t\t\t\t<a href='https:\/\/huiskamp.com\/de\/renault_rouwtransportautos_huiskamp_13\/'><img loading=\"lazy\" decoding=\"async\" width=\"536\" height=\"402\" src=\"https:\/\/huiskamp.com\/de\/wp-content\/uploads\/sites\/2\/Renault_rouwtransportautos_Huiskamp_13.jpg\" class=\"attachment-full size-full\" alt=\"\" srcset=\"https:\/\/huiskamp.com\/de\/wp-content\/uploads\/sites\/2\/Renault_rouwtransportautos_Huiskamp_13.jpg 536w, https:\/\/huiskamp.com\/de\/wp-content\/uploads\/sites\/2\/Renault_rouwtransportautos_Huiskamp_13-300x225.jpg 300w, https:\/\/huiskamp.com\/de\/wp-content\/uploads\/sites\/2\/Renault_rouwtransportautos_Huiskamp_13-533x400.jpg 533w, https:\/\/huiskamp.com\/de\/wp-content\/uploads\/sites\/2\/Renault_rouwtransportautos_Huiskamp_13-250x188.jpg 250w, https:\/\/huiskamp.com\/de\/wp-content\/uploads\/sites\/2\/Renault_rouwtransportautos_Huiskamp_13-240x180.jpg 240w, https:\/\/huiskamp.com\/de\/wp-content\/uploads\/sites\/2\/Renault_rouwtransportautos_Huiskamp_13-400x300.jpg 400w\" sizes=\"auto, (max-width: 536px) 100vw, 536px\" \/><\/a>\n\t\t\t<\/dt><\/dl><dl class='gallery-item'>\n\t\t\t<dt class='gallery-icon landscape'>\n\t\t\t\t<a href='https:\/\/huiskamp.com\/de\/renault_rouwtransportautos_huiskamp_07\/'><img loading=\"lazy\" decoding=\"async\" width=\"536\" height=\"402\" src=\"https:\/\/huiskamp.com\/de\/wp-content\/uploads\/sites\/2\/Renault_rouwtransportautos_Huiskamp_07.jpg\" class=\"attachment-full size-full\" alt=\"\" srcset=\"https:\/\/huiskamp.com\/de\/wp-content\/uploads\/sites\/2\/Renault_rouwtransportautos_Huiskamp_07.jpg 536w, https:\/\/huiskamp.com\/de\/wp-content\/uploads\/sites\/2\/Renault_rouwtransportautos_Huiskamp_07-300x225.jpg 300w, https:\/\/huiskamp.com\/de\/wp-content\/uploads\/sites\/2\/Renault_rouwtransportautos_Huiskamp_07-533x400.jpg 533w, https:\/\/huiskamp.com\/de\/wp-content\/uploads\/sites\/2\/Renault_rouwtransportautos_Huiskamp_07-250x188.jpg 250w, https:\/\/huiskamp.com\/de\/wp-content\/uploads\/sites\/2\/Renault_rouwtransportautos_Huiskamp_07-240x180.jpg 240w, https:\/\/huiskamp.com\/de\/wp-content\/uploads\/sites\/2\/Renault_rouwtransportautos_Huiskamp_07-400x300.jpg 400w\" sizes=\"auto, (max-width: 536px) 100vw, 536px\" \/><\/a>\n\t\t\t<\/dt><\/dl><br style=\"clear: both\" \/><dl class='gallery-item'>\n\t\t\t<dt class='gallery-icon landscape'>\n\t\t\t\t<a href='https:\/\/huiskamp.com\/de\/renault_rouwtransportautos_huiskamp_08\/'><img loading=\"lazy\" decoding=\"async\" width=\"536\" height=\"402\" src=\"https:\/\/huiskamp.com\/de\/wp-content\/uploads\/sites\/2\/Renault_rouwtransportautos_Huiskamp_08.jpg\" class=\"attachment-full size-full\" alt=\"\" srcset=\"https:\/\/huiskamp.com\/de\/wp-content\/uploads\/sites\/2\/Renault_rouwtransportautos_Huiskamp_08.jpg 536w, https:\/\/huiskamp.com\/de\/wp-content\/uploads\/sites\/2\/Renault_rouwtransportautos_Huiskamp_08-300x225.jpg 300w, https:\/\/huiskamp.com\/de\/wp-content\/uploads\/sites\/2\/Renault_rouwtransportautos_Huiskamp_08-533x400.jpg 533w, https:\/\/huiskamp.com\/de\/wp-content\/uploads\/sites\/2\/Renault_rouwtransportautos_Huiskamp_08-250x188.jpg 250w, https:\/\/huiskamp.com\/de\/wp-content\/uploads\/sites\/2\/Renault_rouwtransportautos_Huiskamp_08-240x180.jpg 240w, https:\/\/huiskamp.com\/de\/wp-content\/uploads\/sites\/2\/Renault_rouwtransportautos_Huiskamp_08-400x300.jpg 400w\" sizes=\"auto, (max-width: 536px) 100vw, 536px\" \/><\/a>\n\t\t\t<\/dt><\/dl><dl class='gallery-item'>\n\t\t\t<dt class='gallery-icon landscape'>\n\t\t\t\t<a href='https:\/\/huiskamp.com\/de\/renault_rouwtransportautos_huiskamp_09\/'><img loading=\"lazy\" decoding=\"async\" width=\"536\" height=\"402\" src=\"https:\/\/huiskamp.com\/de\/wp-content\/uploads\/sites\/2\/Renault_rouwtransportautos_Huiskamp_09.jpg\" class=\"attachment-full size-full\" alt=\"\" srcset=\"https:\/\/huiskamp.com\/de\/wp-content\/uploads\/sites\/2\/Renault_rouwtransportautos_Huiskamp_09.jpg 536w, https:\/\/huiskamp.com\/de\/wp-content\/uploads\/sites\/2\/Renault_rouwtransportautos_Huiskamp_09-300x225.jpg 300w, https:\/\/huiskamp.com\/de\/wp-content\/uploads\/sites\/2\/Renault_rouwtransportautos_Huiskamp_09-533x400.jpg 533w, https:\/\/huiskamp.com\/de\/wp-content\/uploads\/sites\/2\/Renault_rouwtransportautos_Huiskamp_09-250x188.jpg 250w, https:\/\/huiskamp.com\/de\/wp-content\/uploads\/sites\/2\/Renault_rouwtransportautos_Huiskamp_09-240x180.jpg 240w, https:\/\/huiskamp.com\/de\/wp-content\/uploads\/sites\/2\/Renault_rouwtransportautos_Huiskamp_09-400x300.jpg 400w\" sizes=\"auto, (max-width: 536px) 100vw, 536px\" \/><\/a>\n\t\t\t<\/dt><\/dl><dl class='gallery-item'>\n\t\t\t<dt class='gallery-icon landscape'>\n\t\t\t\t<a href='https:\/\/huiskamp.com\/de\/renault_rouwtransportautos_huiskamp_05\/'><img loading=\"lazy\" decoding=\"async\" width=\"536\" height=\"402\" src=\"https:\/\/huiskamp.com\/de\/wp-content\/uploads\/sites\/2\/Renault_rouwtransportautos_Huiskamp_05.jpg\" class=\"attachment-full size-full\" alt=\"\" srcset=\"https:\/\/huiskamp.com\/de\/wp-content\/uploads\/sites\/2\/Renault_rouwtransportautos_Huiskamp_05.jpg 536w, https:\/\/huiskamp.com\/de\/wp-content\/uploads\/sites\/2\/Renault_rouwtransportautos_Huiskamp_05-300x225.jpg 300w, https:\/\/huiskamp.com\/de\/wp-content\/uploads\/sites\/2\/Renault_rouwtransportautos_Huiskamp_05-533x400.jpg 533w, https:\/\/huiskamp.com\/de\/wp-content\/uploads\/sites\/2\/Renault_rouwtransportautos_Huiskamp_05-250x188.jpg 250w, https:\/\/huiskamp.com\/de\/wp-content\/uploads\/sites\/2\/Renault_rouwtransportautos_Huiskamp_05-240x180.jpg 240w, https:\/\/huiskamp.com\/de\/wp-content\/uploads\/sites\/2\/Renault_rouwtransportautos_Huiskamp_05-400x300.jpg 400w\" sizes=\"auto, (max-width: 536px) 100vw, 536px\" \/><\/a>\n\t\t\t<\/dt><\/dl><br style=\"clear: both\" \/><dl class='gallery-item'>\n\t\t\t<dt class='gallery-icon landscape'>\n\t\t\t\t<a href='https:\/\/huiskamp.com\/de\/renault_rouwtransportautos_huiskamp_06\/'><img loading=\"lazy\" decoding=\"async\" width=\"536\" height=\"402\" src=\"https:\/\/huiskamp.com\/de\/wp-content\/uploads\/sites\/2\/Renault_rouwtransportautos_Huiskamp_06.jpg\" class=\"attachment-full size-full\" alt=\"\" srcset=\"https:\/\/huiskamp.com\/de\/wp-content\/uploads\/sites\/2\/Renault_rouwtransportautos_Huiskamp_06.jpg 536w, https:\/\/huiskamp.com\/de\/wp-content\/uploads\/sites\/2\/Renault_rouwtransportautos_Huiskamp_06-300x225.jpg 300w, https:\/\/huiskamp.com\/de\/wp-content\/uploads\/sites\/2\/Renault_rouwtransportautos_Huiskamp_06-533x400.jpg 533w, https:\/\/huiskamp.com\/de\/wp-content\/uploads\/sites\/2\/Renault_rouwtransportautos_Huiskamp_06-250x188.jpg 250w, https:\/\/huiskamp.com\/de\/wp-content\/uploads\/sites\/2\/Renault_rouwtransportautos_Huiskamp_06-240x180.jpg 240w, https:\/\/huiskamp.com\/de\/wp-content\/uploads\/sites\/2\/Renault_rouwtransportautos_Huiskamp_06-400x300.jpg 400w\" sizes=\"auto, (max-width: 536px) 100vw, 536px\" \/><\/a>\n\t\t\t<\/dt><\/dl>\n\t\t\t<br style='clear: both' \/>\n\t\t<\/div>\n\n","protected":false},"excerpt":{"rendered":"<p>Renault und Opel Bestattungsfahrzeuge Die Bestattungsfahrzeuge von Renault und Opel sind bekannt wegen Raum und Komfort. Ein ger\u00e4umiger Sargraum mit vielen Staum\u00f6glichkeiten und komfortabeler Fahrerraum sind Eigenschaften die Sie bestimmt bevorzugen in dem Bestattungswagen f\u00fcr Ihre Firma. Au\u00dferdem strahlen die <a class=\"more-link\" href=\"https:\/\/huiskamp.com\/de\/bestattungsfahrzeuge\/renault-opel\/\">Read More &#8230;<\/a><\/p>\n","protected":false},"author":1,"featured_media":836,"parent":426,"menu_order":2,"comment_status":"closed","ping_status":"closed","template":"","meta":{"footnotes":""},"class_list":["post-435","page","type-page","status-publish","has-post-thumbnail","hentry"],"_links":{"self":[{"href":"https:\/\/huiskamp.com\/de\/wp-json\/wp\/v2\/pages\/435","targetHints":{"allow":["GET"]}}],"collection":[{"href":"https:\/\/huiskamp.com\/de\/wp-json\/wp\/v2\/pages"}],"about":[{"href":"https:\/\/huiskamp.com\/de\/wp-json\/wp\/v2\/types\/page"}],"author":[{"embeddable":true,"href":"https:\/\/huiskamp.com\/de\/wp-json\/wp\/v2\/users\/1"}],"replies":[{"embeddable":true,"href":"https:\/\/huiskamp.com\/de\/wp-json\/wp\/v2\/comments?post=435"}],"version-history":[{"count":6,"href":"https:\/\/huiskamp.com\/de\/wp-json\/wp\/v2\/pages\/435\/revisions"}],"predecessor-version":[{"id":1481,"href":"https:\/\/huiskamp.com\/de\/wp-json\/wp\/v2\/pages\/435\/revisions\/1481"}],"up":[{"embeddable":true,"href":"https:\/\/huiskamp.com\/de\/wp-json\/wp\/v2\/pages\/426"}],"wp:featuredmedia":[{"embeddable":true,"href":"https:\/\/huiskamp.com\/de\/wp-json\/wp\/v2\/media\/836"}],"wp:attachment":[{"href":"https:\/\/huiskamp.com\/de\/wp-json\/wp\/v2\/media?parent=435"}],"curies":[{"name":"wp","href":"https:\/\/api.w.org\/{rel}","templated":true}]}}